{"id":187,"date":"2026-04-10T09:25:30","date_gmt":"2026-04-10T07:25:30","guid":{"rendered":"https:\/\/digilago.es\/jumpanddrinks\/?post_type=product&#038;p=187"},"modified":"2026-04-17T10:08:32","modified_gmt":"2026-04-17T08:08:32","slug":"pack-cumpleanos-celebracion-sin-estres","status":"publish","type":"product","link":"https:\/\/digilago.es\/jumpanddrinks\/producto\/pack-cumpleanos-celebracion-sin-estres\/","title":{"rendered":"Pack Cumplea\u00f1os: Celebraci\u00f3n Sin Estr\u00e9s (10-18 a\u00f1os)"},"content":{"rendered":"<p>La experiencia completa para grupos que incluye salto, juegos y merienda en un entorno vibrante. Mientras los ni\u00f1os y j\u00f3venes disfrutan con total seguridad, los adultos disponen de un \u00e1rea de descanso exclusiva con servicio de comida y bebida para relajarse o socializar con otros padres. Es un dinero bien invertido para celebrar sin preocupaciones, garantizando felicidad para los hijos y descanso para los padres. <\/p>\n","protected":false},"excerpt":{"rendered":"<p>La experiencia completa para grupos que incluye salto, juegos y merienda en un entorno vibrante. Mientras los ni\u00f1os y j\u00f3venes disfrutan con total seguridad, los adultos disponen de un \u00e1rea de descanso exclusiva con servicio de comida y bebida para relajarse o socializar con otros padres. Es un dinero bien invertido para celebrar sin preocupaciones, garantizando felicidad para los hijos y descanso para los padres.<\/p>\n","protected":false},"featured_media":196,"comment_status":"open","ping_status":"closed","template":"","meta":[],"product_brand":[],"product_cat":[25],"product_tag":[23],"class_list":{"0":"post-187","1":"product","2":"type-product","3":"status-publish","4":"has-post-thumbnail","6":"product_cat-pack-celebracion","7":"product_tag-cumpleanos","9":"first","10":"instock","11":"sale","12":"taxable","13":"shipping-taxable","14":"purchasable","15":"product-type-simple"},"yoast_head":"<!-- This site is optimized with the Yoast SEO plugin v26.8 - https:\/\/yoast.com\/product\/yoast-seo-wordpress\/ -->\n<title>Pack Cumplea\u00f1os: Celebraci\u00f3n Sin Estr\u00e9s (10-18 a\u00f1os) - Jumpanddrinks<\/title>\n<meta name=\"description\" content=\"La experiencia completa para grupos que incluye salto, juegos y merienda en un entorno vibrante. Mientras los ni\u00f1os y j\u00f3venes disfrutan con total seguridad, los adultos disponen de un \u00e1rea de descanso exclusiva con servicio de comida y bebida para relajarse o socializar con otros padres. Es un dinero bien invertido para celebrar sin preocupaciones, garantizando felicidad para los hijos y descanso para los padres.\" \/>\n<meta name=\"robots\" content=\"index, follow, max-snippet:-1, max-image-preview:large, max-video-preview:-1\" \/>\n<link rel=\"canonical\" href=\"https:\/\/digilago.es\/jumpanddrinks\/producto\/pack-cumpleanos-celebracion-sin-estres\/\" \/>\n<meta property=\"og:locale\" content=\"es_ES\" \/>\n<meta property=\"og:type\" content=\"article\" \/>\n<meta property=\"og:title\" content=\"Pack Cumplea\u00f1os: Celebraci\u00f3n Sin Estr\u00e9s (10-18 a\u00f1os) - Jumpanddrinks\" \/>\n<meta property=\"og:description\" content=\"La experiencia completa para grupos que incluye salto, juegos y merienda en un entorno vibrante. Mientras los ni\u00f1os y j\u00f3venes disfrutan con total seguridad, los adultos disponen de un \u00e1rea de descanso exclusiva con servicio de comida y bebida para relajarse o socializar con otros padres. Es un dinero bien invertido para celebrar sin preocupaciones, garantizando felicidad para los hijos y descanso para los padres.\" \/>\n<meta property=\"og:url\" content=\"https:\/\/digilago.es\/jumpanddrinks\/producto\/pack-cumpleanos-celebracion-sin-estres\/\" \/>\n<meta property=\"og:site_name\" content=\"Jumpanddrinks\" \/>\n<meta property=\"article:modified_time\" content=\"2026-04-17T08:08:32+00:00\" \/>\n<meta property=\"og:image\" content=\"https:\/\/digilago.es\/jumpanddrinks\/wp-content\/uploads\/sites\/55\/2026\/04\/IMG_0234.jpeg\" \/>\n\t<meta property=\"og:image:width\" content=\"1336\" \/>\n\t<meta property=\"og:image:height\" content=\"725\" \/>\n\t<meta property=\"og:image:type\" content=\"image\/jpeg\" \/>\n<meta name=\"twitter:card\" content=\"summary_large_image\" \/>\n<meta name=\"twitter:label1\" content=\"Tiempo de lectura\" \/>\n\t<meta name=\"twitter:data1\" content=\"1 minuto\" \/>\n<script type=\"application\/ld+json\" class=\"yoast-schema-graph\">{\"@context\":\"https:\/\/schema.org\",\"@graph\":[{\"@type\":\"WebPage\",\"@id\":\"https:\/\/digilago.es\/jumpanddrinks\/producto\/pack-cumpleanos-celebracion-sin-estres\/\",\"url\":\"https:\/\/digilago.es\/jumpanddrinks\/producto\/pack-cumpleanos-celebracion-sin-estres\/\",\"name\":\"Pack Cumplea\u00f1os: Celebraci\u00f3n Sin Estr\u00e9s (10-18 a\u00f1os) - Jumpanddrinks\",\"isPartOf\":{\"@id\":\"https:\/\/digilago.es\/jumpanddrinks\/#website\"},\"primaryImageOfPage\":{\"@id\":\"https:\/\/digilago.es\/jumpanddrinks\/producto\/pack-cumpleanos-celebracion-sin-estres\/#primaryimage\"},\"image\":{\"@id\":\"https:\/\/digilago.es\/jumpanddrinks\/producto\/pack-cumpleanos-celebracion-sin-estres\/#primaryimage\"},\"thumbnailUrl\":\"https:\/\/digilago.es\/jumpanddrinks\/wp-content\/uploads\/sites\/55\/2026\/04\/IMG_0234.jpeg\",\"datePublished\":\"2026-04-10T07:25:30+00:00\",\"dateModified\":\"2026-04-17T08:08:32+00:00\",\"description\":\"La experiencia completa para grupos que incluye salto, juegos y merienda en un entorno vibrante. Mientras los ni\u00f1os y j\u00f3venes disfrutan con total seguridad, los adultos disponen de un \u00e1rea de descanso exclusiva con servicio de comida y bebida para relajarse o socializar con otros padres. Es un dinero bien invertido para celebrar sin preocupaciones, garantizando felicidad para los hijos y descanso para los padres.\",\"breadcrumb\":{\"@id\":\"https:\/\/digilago.es\/jumpanddrinks\/producto\/pack-cumpleanos-celebracion-sin-estres\/#breadcrumb\"},\"inLanguage\":\"es\",\"potentialAction\":[{\"@type\":\"ReadAction\",\"target\":[\"https:\/\/digilago.es\/jumpanddrinks\/producto\/pack-cumpleanos-celebracion-sin-estres\/\"]}]},{\"@type\":\"ImageObject\",\"inLanguage\":\"es\",\"@id\":\"https:\/\/digilago.es\/jumpanddrinks\/producto\/pack-cumpleanos-celebracion-sin-estres\/#primaryimage\",\"url\":\"https:\/\/digilago.es\/jumpanddrinks\/wp-content\/uploads\/sites\/55\/2026\/04\/IMG_0234.jpeg\",\"contentUrl\":\"https:\/\/digilago.es\/jumpanddrinks\/wp-content\/uploads\/sites\/55\/2026\/04\/IMG_0234.jpeg\",\"width\":1336,\"height\":725,\"caption\":\"Screenshot\"},{\"@type\":\"BreadcrumbList\",\"@id\":\"https:\/\/digilago.es\/jumpanddrinks\/producto\/pack-cumpleanos-celebracion-sin-estres\/#breadcrumb\",\"itemListElement\":[{\"@type\":\"ListItem\",\"position\":1,\"name\":\"Portada\",\"item\":\"https:\/\/digilago.es\/jumpanddrinks\/\"},{\"@type\":\"ListItem\",\"position\":2,\"name\":\"Tienda\",\"item\":\"https:\/\/digilago.es\/jumpanddrinks\/tienda\/\"},{\"@type\":\"ListItem\",\"position\":3,\"name\":\"Pack Cumplea\u00f1os: Celebraci\u00f3n Sin Estr\u00e9s (10-18 a\u00f1os)\"}]},{\"@type\":\"WebSite\",\"@id\":\"https:\/\/digilago.es\/jumpanddrinks\/#website\",\"url\":\"https:\/\/digilago.es\/jumpanddrinks\/\",\"name\":\"Jumpanddrinks\",\"description\":\"\",\"publisher\":{\"@id\":\"https:\/\/digilago.es\/jumpanddrinks\/#organization\"},\"potentialAction\":[{\"@type\":\"SearchAction\",\"target\":{\"@type\":\"EntryPoint\",\"urlTemplate\":\"https:\/\/digilago.es\/jumpanddrinks\/?s={search_term_string}\"},\"query-input\":{\"@type\":\"PropertyValueSpecification\",\"valueRequired\":true,\"valueName\":\"search_term_string\"}}],\"inLanguage\":\"es\"},{\"@type\":\"Organization\",\"@id\":\"https:\/\/digilago.es\/jumpanddrinks\/#organization\",\"name\":\"Jumpanddrinks\",\"url\":\"https:\/\/digilago.es\/jumpanddrinks\/\",\"logo\":{\"@type\":\"ImageObject\",\"inLanguage\":\"es\",\"@id\":\"https:\/\/digilago.es\/jumpanddrinks\/#\/schema\/logo\/image\/\",\"url\":\"https:\/\/digilago.es\/jumpanddrinks\/wp-content\/uploads\/sites\/55\/2026\/02\/cropped-Captura-de-pantalla-2026-02-03-201629.png\",\"contentUrl\":\"https:\/\/digilago.es\/jumpanddrinks\/wp-content\/uploads\/sites\/55\/2026\/02\/cropped-Captura-de-pantalla-2026-02-03-201629.png\",\"width\":316,\"height\":252,\"caption\":\"Jumpanddrinks\"},\"image\":{\"@id\":\"https:\/\/digilago.es\/jumpanddrinks\/#\/schema\/logo\/image\/\"}}]}<\/script>\n<!-- \/ Yoast SEO plugin. -->","yoast_head_json":{"title":"Pack Cumplea\u00f1os: Celebraci\u00f3n Sin Estr\u00e9s (10-18 a\u00f1os) - Jumpanddrinks","description":"La experiencia completa para grupos que incluye salto, juegos y merienda en un entorno vibrante. Mientras los ni\u00f1os y j\u00f3venes disfrutan con total seguridad, los adultos disponen de un \u00e1rea de descanso exclusiva con servicio de comida y bebida para relajarse o socializar con otros padres. Es un dinero bien invertido para celebrar sin preocupaciones, garantizando felicidad para los hijos y descanso para los padres.","robots":{"index":"index","follow":"follow","max-snippet":"max-snippet:-1","max-image-preview":"max-image-preview:large","max-video-preview":"max-video-preview:-1"},"canonical":"https:\/\/digilago.es\/jumpanddrinks\/producto\/pack-cumpleanos-celebracion-sin-estres\/","og_locale":"es_ES","og_type":"article","og_title":"Pack Cumplea\u00f1os: Celebraci\u00f3n Sin Estr\u00e9s (10-18 a\u00f1os) - Jumpanddrinks","og_description":"La experiencia completa para grupos que incluye salto, juegos y merienda en un entorno vibrante. Mientras los ni\u00f1os y j\u00f3venes disfrutan con total seguridad, los adultos disponen de un \u00e1rea de descanso exclusiva con servicio de comida y bebida para relajarse o socializar con otros padres. Es un dinero bien invertido para celebrar sin preocupaciones, garantizando felicidad para los hijos y descanso para los padres.","og_url":"https:\/\/digilago.es\/jumpanddrinks\/producto\/pack-cumpleanos-celebracion-sin-estres\/","og_site_name":"Jumpanddrinks","article_modified_time":"2026-04-17T08:08:32+00:00","og_image":[{"width":1336,"height":725,"url":"https:\/\/digilago.es\/jumpanddrinks\/wp-content\/uploads\/sites\/55\/2026\/04\/IMG_0234.jpeg","type":"image\/jpeg"}],"twitter_card":"summary_large_image","twitter_misc":{"Tiempo de lectura":"1 minuto"},"schema":{"@context":"https:\/\/schema.org","@graph":[{"@type":"WebPage","@id":"https:\/\/digilago.es\/jumpanddrinks\/producto\/pack-cumpleanos-celebracion-sin-estres\/","url":"https:\/\/digilago.es\/jumpanddrinks\/producto\/pack-cumpleanos-celebracion-sin-estres\/","name":"Pack Cumplea\u00f1os: Celebraci\u00f3n Sin Estr\u00e9s (10-18 a\u00f1os) - Jumpanddrinks","isPartOf":{"@id":"https:\/\/digilago.es\/jumpanddrinks\/#website"},"primaryImageOfPage":{"@id":"https:\/\/digilago.es\/jumpanddrinks\/producto\/pack-cumpleanos-celebracion-sin-estres\/#primaryimage"},"image":{"@id":"https:\/\/digilago.es\/jumpanddrinks\/producto\/pack-cumpleanos-celebracion-sin-estres\/#primaryimage"},"thumbnailUrl":"https:\/\/digilago.es\/jumpanddrinks\/wp-content\/uploads\/sites\/55\/2026\/04\/IMG_0234.jpeg","datePublished":"2026-04-10T07:25:30+00:00","dateModified":"2026-04-17T08:08:32+00:00","description":"La experiencia completa para grupos que incluye salto, juegos y merienda en un entorno vibrante. Mientras los ni\u00f1os y j\u00f3venes disfrutan con total seguridad, los adultos disponen de un \u00e1rea de descanso exclusiva con servicio de comida y bebida para relajarse o socializar con otros padres. Es un dinero bien invertido para celebrar sin preocupaciones, garantizando felicidad para los hijos y descanso para los padres.","breadcrumb":{"@id":"https:\/\/digilago.es\/jumpanddrinks\/producto\/pack-cumpleanos-celebracion-sin-estres\/#breadcrumb"},"inLanguage":"es","potentialAction":[{"@type":"ReadAction","target":["https:\/\/digilago.es\/jumpanddrinks\/producto\/pack-cumpleanos-celebracion-sin-estres\/"]}]},{"@type":"ImageObject","inLanguage":"es","@id":"https:\/\/digilago.es\/jumpanddrinks\/producto\/pack-cumpleanos-celebracion-sin-estres\/#primaryimage","url":"https:\/\/digilago.es\/jumpanddrinks\/wp-content\/uploads\/sites\/55\/2026\/04\/IMG_0234.jpeg","contentUrl":"https:\/\/digilago.es\/jumpanddrinks\/wp-content\/uploads\/sites\/55\/2026\/04\/IMG_0234.jpeg","width":1336,"height":725,"caption":"Screenshot"},{"@type":"BreadcrumbList","@id":"https:\/\/digilago.es\/jumpanddrinks\/producto\/pack-cumpleanos-celebracion-sin-estres\/#breadcrumb","itemListElement":[{"@type":"ListItem","position":1,"name":"Portada","item":"https:\/\/digilago.es\/jumpanddrinks\/"},{"@type":"ListItem","position":2,"name":"Tienda","item":"https:\/\/digilago.es\/jumpanddrinks\/tienda\/"},{"@type":"ListItem","position":3,"name":"Pack Cumplea\u00f1os: Celebraci\u00f3n Sin Estr\u00e9s (10-18 a\u00f1os)"}]},{"@type":"WebSite","@id":"https:\/\/digilago.es\/jumpanddrinks\/#website","url":"https:\/\/digilago.es\/jumpanddrinks\/","name":"Jumpanddrinks","description":"","publisher":{"@id":"https:\/\/digilago.es\/jumpanddrinks\/#organization"},"potentialAction":[{"@type":"SearchAction","target":{"@type":"EntryPoint","urlTemplate":"https:\/\/digilago.es\/jumpanddrinks\/?s={search_term_string}"},"query-input":{"@type":"PropertyValueSpecification","valueRequired":true,"valueName":"search_term_string"}}],"inLanguage":"es"},{"@type":"Organization","@id":"https:\/\/digilago.es\/jumpanddrinks\/#organization","name":"Jumpanddrinks","url":"https:\/\/digilago.es\/jumpanddrinks\/","logo":{"@type":"ImageObject","inLanguage":"es","@id":"https:\/\/digilago.es\/jumpanddrinks\/#\/schema\/logo\/image\/","url":"https:\/\/digilago.es\/jumpanddrinks\/wp-content\/uploads\/sites\/55\/2026\/02\/cropped-Captura-de-pantalla-2026-02-03-201629.png","contentUrl":"https:\/\/digilago.es\/jumpanddrinks\/wp-content\/uploads\/sites\/55\/2026\/02\/cropped-Captura-de-pantalla-2026-02-03-201629.png","width":316,"height":252,"caption":"Jumpanddrinks"},"image":{"@id":"https:\/\/digilago.es\/jumpanddrinks\/#\/schema\/logo\/image\/"}}]}},"_links":{"self":[{"href":"https:\/\/digilago.es\/jumpanddrinks\/wp-json\/wp\/v2\/product\/187","targetHints":{"allow":["GET"]}}],"collection":[{"href":"https:\/\/digilago.es\/jumpanddrinks\/wp-json\/wp\/v2\/product"}],"about":[{"href":"https:\/\/digilago.es\/jumpanddrinks\/wp-json\/wp\/v2\/types\/product"}],"replies":[{"embeddable":true,"href":"https:\/\/digilago.es\/jumpanddrinks\/wp-json\/wp\/v2\/comments?post=187"}],"version-history":[{"count":3,"href":"https:\/\/digilago.es\/jumpanddrinks\/wp-json\/wp\/v2\/product\/187\/revisions"}],"predecessor-version":[{"id":195,"href":"https:\/\/digilago.es\/jumpanddrinks\/wp-json\/wp\/v2\/product\/187\/revisions\/195"}],"wp:featuredmedia":[{"embeddable":true,"href":"https:\/\/digilago.es\/jumpanddrinks\/wp-json\/wp\/v2\/media\/196"}],"wp:attachment":[{"href":"https:\/\/digilago.es\/jumpanddrinks\/wp-json\/wp\/v2\/media?parent=187"}],"wp:term":[{"taxonomy":"product_brand","embeddable":true,"href":"https:\/\/digilago.es\/jumpanddrinks\/wp-json\/wp\/v2\/product_brand?post=187"},{"taxonomy":"product_cat","embeddable":true,"href":"https:\/\/digilago.es\/jumpanddrinks\/wp-json\/wp\/v2\/product_cat?post=187"},{"taxonomy":"product_tag","embeddable":true,"href":"https:\/\/digilago.es\/jumpanddrinks\/wp-json\/wp\/v2\/product_tag?post=187"}],"curies":[{"name":"wp","href":"https:\/\/api.w.org\/{rel}","templated":true}]}}