{"id":144,"date":"2026-02-04T11:51:33","date_gmt":"2026-02-04T10:51:33","guid":{"rendered":"https:\/\/digilago.es\/elgransimulacro\/?page_id=144"},"modified":"2026-02-13T09:55:36","modified_gmt":"2026-02-13T08:55:36","slug":"contacto","status":"publish","type":"page","link":"https:\/\/digilago.es\/elgransimulacro\/contacto\/","title":{"rendered":"Contacto"},"content":{"rendered":"\n<p><em><strong>\u00bfNecesitas Ayuda?<\/strong><\/em>, \u00a1Cont\u00e1ctanos!<\/p>\n\n\n\n<div class=\"wp-block-group is-layout-grid wp-container-core-group-is-layout-9649a0d9 wp-block-group-is-layout-grid\">\n<figure class=\"wp-block-image size-large is-resized\"><img fetchpriority=\"high\" decoding=\"async\" width=\"1024\" height=\"1024\" src=\"https:\/\/digilago.es\/elgransimulacro\/wp-content\/uploads\/sites\/57\/2026\/02\/189342153_l-1024x1024.jpg\" alt=\"Contacto\" class=\"wp-image-112\" style=\"width:160px;height:auto\" srcset=\"https:\/\/digilago.es\/elgransimulacro\/wp-content\/uploads\/sites\/57\/2026\/02\/189342153_l-1024x1024.jpg 1024w, https:\/\/digilago.es\/elgransimulacro\/wp-content\/uploads\/sites\/57\/2026\/02\/189342153_l-300x300.jpg 300w, https:\/\/digilago.es\/elgransimulacro\/wp-content\/uploads\/sites\/57\/2026\/02\/189342153_l-150x150.jpg 150w, https:\/\/digilago.es\/elgransimulacro\/wp-content\/uploads\/sites\/57\/2026\/02\/189342153_l-768x768.jpg 768w, https:\/\/digilago.es\/elgransimulacro\/wp-content\/uploads\/sites\/57\/2026\/02\/189342153_l-1536x1536.jpg 1536w, https:\/\/digilago.es\/elgransimulacro\/wp-content\/uploads\/sites\/57\/2026\/02\/189342153_l-2048x2048.jpg 2048w, https:\/\/digilago.es\/elgransimulacro\/wp-content\/uploads\/sites\/57\/2026\/02\/189342153_l-600x600.jpg 600w, https:\/\/digilago.es\/elgransimulacro\/wp-content\/uploads\/sites\/57\/2026\/02\/189342153_l-100x100.jpg 100w, https:\/\/digilago.es\/elgransimulacro\/wp-content\/uploads\/sites\/57\/2026\/02\/189342153_l-50x50.jpg 50w\" sizes=\"(max-width: 1024px) 100vw, 1024px\" \/><\/figure>\n\n\n\n<figure class=\"wp-block-gallery has-nested-images columns-default is-cropped wp-block-gallery-1 is-layout-flex wp-block-gallery-is-layout-flex\">\n<figure class=\"wp-block-image size-large\"><img decoding=\"async\" width=\"283\" height=\"178\" data-id=\"111\" src=\"https:\/\/digilago.es\/elgransimulacro\/wp-content\/uploads\/sites\/57\/2026\/02\/image.png\" alt=\"Gmail\" class=\"wp-image-111\" \/><\/figure>\n<\/figure>\n<\/div>\n\n\n\n<p>Cont\u00e1ctenos al:                  Para preguntas relacionadas con reembolsos y devoluciones.<\/p>\n\n\n\n<p><strong>*** ** ** **<\/strong>                         {elgransimulacro@gmail.com}<\/p>\n\n\n\n<p>Val\u00f3ranos a trav\u00e9s del siguiente cuestionario de nuestra p\u00e1gina de contacto:<\/p>\n\n\n\n<details class=\"wp-block-details is-layout-flow wp-block-details-is-layout-flow\"><summary>\u00a1Val\u00f3renos!<\/summary>\n<div class=\"wp-block-columns is-layout-flex wp-container-core-columns-is-layout-9d6595d7 wp-block-columns-is-layout-flex\">\n<div class=\"wp-block-column is-layout-flow wp-block-column-is-layout-flow\" style=\"flex-basis:100%\">\n<div class=\"wp-block-columns are-vertically-aligned-top is-layout-flex wp-container-core-columns-is-layout-9d6595d7 wp-block-columns-is-layout-flex\">\n<div class=\"wp-block-column is-vertically-aligned-top is-layout-flow wp-block-column-is-layout-flow\" style=\"flex-basis:100%\"><style id=\"wpforms-css-vars-99-block-0a729216-3769-40dc-9103-6419a48ef968\">\n\t\t\t\t#wpforms-99.wpforms-block-0a729216-3769-40dc-9103-6419a48ef968 {\n\t\t\t\t--wpforms-field-size-input-height: 43px;\n--wpforms-field-size-input-spacing: 15px;\n--wpforms-field-size-font-size: 16px;\n--wpforms-field-size-line-height: 19px;\n--wpforms-field-size-padding-h: 14px;\n--wpforms-field-size-checkbox-size: 16px;\n--wpforms-field-size-sublabel-spacing: 5px;\n--wpforms-field-size-icon-size: 1;\n--wpforms-label-size-font-size: 16px;\n--wpforms-label-size-line-height: 19px;\n--wpforms-label-size-sublabel-font-size: 14px;\n--wpforms-label-size-sublabel-line-height: 17px;\n--wpforms-button-size-font-size: 17px;\n--wpforms-button-size-height: 41px;\n--wpforms-button-size-padding-h: 15px;\n--wpforms-button-size-margin-top: 10px;\n\t\t\t}\n\t\t\t<\/style><div class=\"wpforms-container wpforms-container-full wpforms-block wpforms-block-0a729216-3769-40dc-9103-6419a48ef968 wpforms-render-modern\" id=\"wpforms-99\"><form id=\"wpforms-form-99\" class=\"wpforms-validate wpforms-form wpforms-ajax-form\" data-formid=\"99\" method=\"post\" enctype=\"multipart\/form-data\" action=\"\/elgransimulacro\/wp-json\/wp\/v2\/pages\/144\" data-token=\"c59795de45a36b83f09eb6e454f8a3fb\" data-token-time=\"1777471886\"><noscript class=\"wpforms-error-noscript\">Por favor, activa JavaScript en tu navegador para completar este formulario.<\/noscript><div id=\"wpforms-error-noscript\" style=\"display: none;\">Por favor, activa JavaScript en tu navegador para completar este formulario.<\/div><div class=\"wpforms-field-container\"><div id=\"wpforms-99-field_1-container\" class=\"wpforms-field wpforms-field-name\" data-field-id=\"1\"><fieldset><legend class=\"wpforms-field-label\">Nombre <span class=\"wpforms-required-label\" aria-hidden=\"true\">*<\/span><\/legend><div class=\"wpforms-field-row wpforms-field-medium\"><div class=\"wpforms-field-row-block wpforms-first wpforms-one-half\"><input type=\"text\" id=\"wpforms-99-field_1\" class=\"wpforms-field-name-first wpforms-field-required\" name=\"wpforms[fields][1][first]\" aria-errormessage=\"wpforms-99-field_1-error\" required><label for=\"wpforms-99-field_1\" class=\"wpforms-field-sublabel after\">Nombre<\/label><\/div><div class=\"wpforms-field-row-block wpforms-one-half\"><input type=\"text\" id=\"wpforms-99-field_1-last\" class=\"wpforms-field-name-last wpforms-field-required\" name=\"wpforms[fields][1][last]\" aria-errormessage=\"wpforms-99-field_1-last-error\" required><label for=\"wpforms-99-field_1-last\" class=\"wpforms-field-sublabel after\">Apellidos<\/label><\/div><\/div><\/fieldset><\/div><div id=\"wpforms-99-field_2-container\" class=\"wpforms-field wpforms-field-email\" data-field-id=\"2\"><label class=\"wpforms-field-label\" for=\"wpforms-99-field_2\">Correo electr\u00f3nico <span class=\"wpforms-required-label\" aria-hidden=\"true\">*<\/span><\/label><input type=\"email\" id=\"wpforms-99-field_2\" class=\"wpforms-field-medium wpforms-field-required\" name=\"wpforms[fields][2]\" spellcheck=\"false\" aria-errormessage=\"wpforms-99-field_2-error\" required><\/div>\t\t<div id=\"wpforms-99-field_4-container\"\n\t\t\tclass=\"wpforms-field wpforms-field-text\"\n\t\t\tdata-field-type=\"text\"\n\t\t\tdata-field-id=\"4\"\n\t\t\t>\n\t\t\t<label class=\"wpforms-field-label\" for=\"wpforms-99-field_4\" >mensaje Nombre electr\u00f3nico<\/label>\n\t\t\t<input type=\"text\" id=\"wpforms-99-field_4\" class=\"wpforms-field-medium\" name=\"wpforms[fields][4]\" >\n\t\t<\/div>\n\t\t<div id=\"wpforms-99-field_3-container\" class=\"wpforms-field wpforms-field-textarea\" data-field-id=\"3\"><label class=\"wpforms-field-label\" for=\"wpforms-99-field_3\">Comentario o mensaje<\/label><textarea id=\"wpforms-99-field_3\" class=\"wpforms-field-medium\" name=\"wpforms[fields][3]\" aria-errormessage=\"wpforms-99-field_3-error\" ><\/textarea><\/div><script>\n\t\t\t\t( function() {\n\t\t\t\t\tconst style = document.createElement( 'style' );\n\t\t\t\t\tstyle.appendChild( document.createTextNode( '#wpforms-99-field_4-container { position: absolute !important; overflow: hidden !important; display: inline !important; height: 1px !important; width: 1px !important; z-index: -1000 !important; padding: 0 !important; } #wpforms-99-field_4-container input { visibility: hidden; } #wpforms-conversational-form-page #wpforms-99-field_4-container label { counter-increment: none; }' ) );\n\t\t\t\t\tdocument.head.appendChild( style );\n\t\t\t\t\tdocument.currentScript?.remove();\n\t\t\t\t} )();\n\t\t\t<\/script><\/div><!-- .wpforms-field-container --><div class=\"wpforms-submit-container\" ><input type=\"hidden\" name=\"wpforms[id]\" value=\"99\"><input type=\"hidden\" name=\"page_title\" value=\"\"><input type=\"hidden\" name=\"page_url\" value=\"https:\/\/digilago.es\/elgransimulacro\/wp-json\/wp\/v2\/pages\/144\"><input type=\"hidden\" name=\"url_referer\" value=\"\"><button type=\"submit\" name=\"wpforms[submit]\" id=\"wpforms-submit-99\" class=\"wpforms-submit\" data-alt-text=\"Enviando...\" data-submit-text=\"Enviar\" aria-live=\"assertive\" value=\"wpforms-submit\">Enviar<\/button><img decoding=\"async\" src=\"https:\/\/digilago.es\/elgransimulacro\/wp-content\/plugins\/wpforms-lite\/assets\/images\/submit-spin.svg\" class=\"wpforms-submit-spinner\" style=\"display: none;\" width=\"26\" height=\"26\" alt=\"Cargando\"><\/div><\/form><\/div>  <!-- .wpforms-container --><\/div>\n<\/div>\n<\/div>\n<\/div>\n<\/details>\n\n\n\n<ul class=\"wp-block-social-links is-layout-flex wp-block-social-links-is-layout-flex\"><li class=\"wp-social-link wp-social-link-whatsapp  wp-block-social-link\"><a href=\"https:\/\/wa.me\/0000000000\" class=\"wp-block-social-link-anchor\"><svg width=\"24\" height=\"24\" viewBox=\"0 0 24 24\" version=\"1.1\" xmlns=\"http:\/\/www.w3.org\/2000\/svg\" aria-hidden=\"true\" focusable=\"false\"><path d=\"M 12.011719 2 C 6.5057187 2 2.0234844 6.478375 2.0214844 11.984375 C 2.0204844 13.744375 2.4814687 15.462563 3.3554688 16.976562 L 2 22 L 7.2324219 20.763672 C 8.6914219 21.559672 10.333859 21.977516 12.005859 21.978516 L 12.009766 21.978516 C 17.514766 21.978516 21.995047 17.499141 21.998047 11.994141 C 22.000047 9.3251406 20.962172 6.8157344 19.076172 4.9277344 C 17.190172 3.0407344 14.683719 2.001 12.011719 2 z M 12.009766 4 C 14.145766 4.001 16.153109 4.8337969 17.662109 6.3417969 C 19.171109 7.8517969 20.000047 9.8581875 19.998047 11.992188 C 19.996047 16.396187 16.413812 19.978516 12.007812 19.978516 C 10.674812 19.977516 9.3544062 19.642812 8.1914062 19.007812 L 7.5175781 18.640625 L 6.7734375 18.816406 L 4.8046875 19.28125 L 5.2851562 17.496094 L 5.5019531 16.695312 L 5.0878906 15.976562 C 4.3898906 14.768562 4.0204844 13.387375 4.0214844 11.984375 C 4.0234844 7.582375 7.6067656 4 12.009766 4 z M 8.4765625 7.375 C 8.3095625 7.375 8.0395469 7.4375 7.8105469 7.6875 C 7.5815469 7.9365 6.9355469 8.5395781 6.9355469 9.7675781 C 6.9355469 10.995578 7.8300781 12.182609 7.9550781 12.349609 C 8.0790781 12.515609 9.68175 15.115234 12.21875 16.115234 C 14.32675 16.946234 14.754891 16.782234 15.212891 16.740234 C 15.670891 16.699234 16.690438 16.137687 16.898438 15.554688 C 17.106437 14.971687 17.106922 14.470187 17.044922 14.367188 C 16.982922 14.263188 16.816406 14.201172 16.566406 14.076172 C 16.317406 13.951172 15.090328 13.348625 14.861328 13.265625 C 14.632328 13.182625 14.464828 13.140625 14.298828 13.390625 C 14.132828 13.640625 13.655766 14.201187 13.509766 14.367188 C 13.363766 14.534188 13.21875 14.556641 12.96875 14.431641 C 12.71875 14.305641 11.914938 14.041406 10.960938 13.191406 C 10.218937 12.530406 9.7182656 11.714844 9.5722656 11.464844 C 9.4272656 11.215844 9.5585938 11.079078 9.6835938 10.955078 C 9.7955938 10.843078 9.9316406 10.663578 10.056641 10.517578 C 10.180641 10.371578 10.223641 10.267562 10.306641 10.101562 C 10.389641 9.9355625 10.347156 9.7890625 10.285156 9.6640625 C 10.223156 9.5390625 9.737625 8.3065 9.515625 7.8125 C 9.328625 7.3975 9.131125 7.3878594 8.953125 7.3808594 C 8.808125 7.3748594 8.6425625 7.375 8.4765625 7.375 z\"><\/path><\/svg><span class=\"wp-block-social-link-label screen-reader-text\">WhatsApp<\/span><\/a><\/li>\n\n<li class=\"wp-social-link wp-social-link-instagram  wp-block-social-link\"><a href=\"https:\/\/www.instagram.com\/elgransimulacro\/\" class=\"wp-block-social-link-anchor\"><svg width=\"24\" height=\"24\" viewBox=\"0 0 24 24\" version=\"1.1\" xmlns=\"http:\/\/www.w3.org\/2000\/svg\" aria-hidden=\"true\" focusable=\"false\"><path d=\"M12,4.622c2.403,0,2.688,0.009,3.637,0.052c0.877,0.04,1.354,0.187,1.671,0.31c0.42,0.163,0.72,0.358,1.035,0.673 c0.315,0.315,0.51,0.615,0.673,1.035c0.123,0.317,0.27,0.794,0.31,1.671c0.043,0.949,0.052,1.234,0.052,3.637 s-0.009,2.688-0.052,3.637c-0.04,0.877-0.187,1.354-0.31,1.671c-0.163,0.42-0.358,0.72-0.673,1.035 c-0.315,0.315-0.615,0.51-1.035,0.673c-0.317,0.123-0.794,0.27-1.671,0.31c-0.949,0.043-1.233,0.052-3.637,0.052 s-2.688-0.009-3.637-0.052c-0.877-0.04-1.354-0.187-1.671-0.31c-0.42-0.163-0.72-0.358-1.035-0.673 c-0.315-0.315-0.51-0.615-0.673-1.035c-0.123-0.317-0.27-0.794-0.31-1.671C4.631,14.688,4.622,14.403,4.622,12 s0.009-2.688,0.052-3.637c0.04-0.877,0.187-1.354,0.31-1.671c0.163-0.42,0.358-0.72,0.673-1.035 c0.315-0.315,0.615-0.51,1.035-0.673c0.317-0.123,0.794-0.27,1.671-0.31C9.312,4.631,9.597,4.622,12,4.622 M12,3 C9.556,3,9.249,3.01,8.289,3.054C7.331,3.098,6.677,3.25,6.105,3.472C5.513,3.702,5.011,4.01,4.511,4.511 c-0.5,0.5-0.808,1.002-1.038,1.594C3.25,6.677,3.098,7.331,3.054,8.289C3.01,9.249,3,9.556,3,12c0,2.444,0.01,2.751,0.054,3.711 c0.044,0.958,0.196,1.612,0.418,2.185c0.23,0.592,0.538,1.094,1.038,1.594c0.5,0.5,1.002,0.808,1.594,1.038 c0.572,0.222,1.227,0.375,2.185,0.418C9.249,20.99,9.556,21,12,21s2.751-0.01,3.711-0.054c0.958-0.044,1.612-0.196,2.185-0.418 c0.592-0.23,1.094-0.538,1.594-1.038c0.5-0.5,0.808-1.002,1.038-1.594c0.222-0.572,0.375-1.227,0.418-2.185 C20.99,14.751,21,14.444,21,12s-0.01-2.751-0.054-3.711c-0.044-0.958-0.196-1.612-0.418-2.185c-0.23-0.592-0.538-1.094-1.038-1.594 c-0.5-0.5-1.002-0.808-1.594-1.038c-0.572-0.222-1.227-0.375-2.185-0.418C14.751,3.01,14.444,3,12,3L12,3z M12,7.378 c-2.552,0-4.622,2.069-4.622,4.622S9.448,16.622,12,16.622s4.622-2.069,4.622-4.622S14.552,7.378,12,7.378z M12,15 c-1.657,0-3-1.343-3-3s1.343-3,3-3s3,1.343,3,3S13.657,15,12,15z M16.804,6.116c-0.596,0-1.08,0.484-1.08,1.08 s0.484,1.08,1.08,1.08c0.596,0,1.08-0.484,1.08-1.08S17.401,6.116,16.804,6.116z\"><\/path><\/svg><span class=\"wp-block-social-link-label screen-reader-text\">Instagram<\/span><\/a><\/li>\n\n<li class=\"wp-social-link wp-social-link-facebook  wp-block-social-link\"><a href=\"https:\/\/www.facebook.com\/elgransimulacro\" class=\"wp-block-social-link-anchor\"><svg width=\"24\" height=\"24\" viewBox=\"0 0 24 24\" version=\"1.1\" xmlns=\"http:\/\/www.w3.org\/2000\/svg\" aria-hidden=\"true\" focusable=\"false\"><path d=\"M12 2C6.5 2 2 6.5 2 12c0 5 3.7 9.1 8.4 9.9v-7H7.9V12h2.5V9.8c0-2.5 1.5-3.9 3.8-3.9 1.1 0 2.2.2 2.2.2v2.5h-1.3c-1.2 0-1.6.8-1.6 1.6V12h2.8l-.4 2.9h-2.3v7C18.3 21.1 22 17 22 12c0-5.5-4.5-10-10-10z\"><\/path><\/svg><span class=\"wp-block-social-link-label screen-reader-text\">Facebook<\/span><\/a><\/li>\n\n<li class=\"wp-social-link wp-social-link-tiktok  wp-block-social-link\"><a href=\"https:\/\/www.tiktok.com\/@elgransimulacro\" class=\"wp-block-social-link-anchor\"><svg width=\"24\" height=\"24\" viewBox=\"0 0 32 32\" version=\"1.1\" xmlns=\"http:\/\/www.w3.org\/2000\/svg\" aria-hidden=\"true\" focusable=\"false\"><path d=\"M16.708 0.027c1.745-0.027 3.48-0.011 5.213-0.027 0.105 2.041 0.839 4.12 2.333 5.563 1.491 1.479 3.6 2.156 5.652 2.385v5.369c-1.923-0.063-3.855-0.463-5.6-1.291-0.76-0.344-1.468-0.787-2.161-1.24-0.009 3.896 0.016 7.787-0.025 11.667-0.104 1.864-0.719 3.719-1.803 5.255-1.744 2.557-4.771 4.224-7.88 4.276-1.907 0.109-3.812-0.411-5.437-1.369-2.693-1.588-4.588-4.495-4.864-7.615-0.032-0.667-0.043-1.333-0.016-1.984 0.24-2.537 1.495-4.964 3.443-6.615 2.208-1.923 5.301-2.839 8.197-2.297 0.027 1.975-0.052 3.948-0.052 5.923-1.323-0.428-2.869-0.308-4.025 0.495-0.844 0.547-1.485 1.385-1.819 2.333-0.276 0.676-0.197 1.427-0.181 2.145 0.317 2.188 2.421 4.027 4.667 3.828 1.489-0.016 2.916-0.88 3.692-2.145 0.251-0.443 0.532-0.896 0.547-1.417 0.131-2.385 0.079-4.76 0.095-7.145 0.011-5.375-0.016-10.735 0.025-16.093z\" \/><\/svg><span class=\"wp-block-social-link-label screen-reader-text\">TikTok<\/span><\/a><\/li>\n\n<li class=\"wp-social-link wp-social-link-google  wp-block-social-link\"><a href=\"https:\/\/www.google.com\/search?q=elgransimulacro\" class=\"wp-block-social-link-anchor\"><svg width=\"24\" height=\"24\" viewBox=\"0 0 24 24\" version=\"1.1\" xmlns=\"http:\/\/www.w3.org\/2000\/svg\" aria-hidden=\"true\" focusable=\"false\"><path d=\"M12.02,10.18v3.72v0.01h5.51c-0.26,1.57-1.67,4.22-5.5,4.22c-3.31,0-6.01-2.75-6.01-6.12s2.7-6.12,6.01-6.12 c1.87,0,3.13,0.8,3.85,1.48l2.84-2.76C16.99,2.99,14.73,2,12.03,2c-5.52,0-10,4.48-10,10s4.48,10,10,10c5.77,0,9.6-4.06,9.6-9.77 c0-0.83-0.11-1.42-0.25-2.05H12.02z\"><\/path><\/svg><span class=\"wp-block-social-link-label screen-reader-text\">Google<\/span><\/a><\/li><\/ul>\n\n\n\n<iframe src=\"https:\/\/www.google.com\/maps\/embed?pb=!1m18!1m12!1m3!1d1806.2497512923126!2d-3.7343222024396647!3d40.41465718081575!2m3!1f0!2f0!3f0!3m2!1i1024!2i768!4f13.1!3m3!1m2!1s0xd422808a0bfc31d%3A0x96e59c625851086b!2sIES%20El%20Lago!5e0!3m2!1ses!2ses!4v1770972526968!5m2!1ses!2ses\" width=\"600\" height=\"450\" allowfullscreen=\"\"><\/iframe>\n","protected":false},"excerpt":{"rendered":"<p>\u00bfNecesitas Ayuda?, \u00a1Cont\u00e1ctanos! Cont\u00e1ctenos al: Para preguntas relacionadas con reembolsos y devoluciones. *** ** ** ** {elgransimulacro@gmail.com} Val\u00f3ranos a trav\u00e9s del siguiente cuestionario de nuestra p\u00e1gina de contacto:<\/p>\n","protected":false},"author":137,"featured_media":0,"parent":0,"menu_order":0,"comment_status":"closed","ping_status":"closed","template":"","meta":{"footnotes":""},"class_list":["post-144","page","type-page","status-publish","hentry"],"yoast_head":"<!-- This site is optimized with the Yoast SEO plugin v26.8 - https:\/\/yoast.com\/product\/yoast-seo-wordpress\/ -->\n<title>Contacto - El Gran Simulacro<\/title>\n<meta name=\"description\" content=\"Contacta con el simulacro para resolver tus dudas sobre reembolsos y devoluciones. Estamos aqu\u00ed para ayudarte.\" \/>\n<meta name=\"robots\" content=\"index, follow, max-snippet:-1, max-image-preview:large, max-video-preview:-1\" \/>\n<link rel=\"canonical\" href=\"https:\/\/digilago.es\/elgransimulacro\/contacto\/\" \/>\n<meta property=\"og:locale\" content=\"es_ES\" \/>\n<meta property=\"og:type\" content=\"article\" \/>\n<meta property=\"og:title\" content=\"Contacto - El Gran Simulacro\" \/>\n<meta property=\"og:description\" content=\"Contacta con el simulacro para resolver tus dudas sobre reembolsos y devoluciones. Estamos aqu\u00ed para ayudarte.\" \/>\n<meta property=\"og:url\" content=\"https:\/\/digilago.es\/elgransimulacro\/contacto\/\" \/>\n<meta property=\"og:site_name\" content=\"El Gran Simulacro\" \/>\n<meta property=\"article:modified_time\" content=\"2026-02-13T08:55:36+00:00\" \/>\n<meta property=\"og:image\" content=\"https:\/\/digilago.es\/elgransimulacro\/wp-content\/uploads\/sites\/57\/2026\/02\/189342153_l.jpg\" \/>\n\t<meta property=\"og:image:width\" content=\"2480\" \/>\n\t<meta property=\"og:image:height\" content=\"2480\" \/>\n\t<meta property=\"og:image:type\" content=\"image\/jpeg\" \/>\n<meta name=\"twitter:card\" content=\"summary_large_image\" \/>\n<meta name=\"twitter:label1\" content=\"Tiempo de lectura\" \/>\n\t<meta name=\"twitter:data1\" content=\"1 minuto\" \/>\n<script type=\"application\/ld+json\" class=\"yoast-schema-graph\">{\"@context\":\"https:\/\/schema.org\",\"@graph\":[{\"@type\":\"WebPage\",\"@id\":\"https:\/\/digilago.es\/elgransimulacro\/contacto\/\",\"url\":\"https:\/\/digilago.es\/elgransimulacro\/contacto\/\",\"name\":\"Contacto - El Gran Simulacro\",\"isPartOf\":{\"@id\":\"https:\/\/digilago.es\/elgransimulacro\/#website\"},\"primaryImageOfPage\":{\"@id\":\"https:\/\/digilago.es\/elgransimulacro\/contacto\/#primaryimage\"},\"image\":{\"@id\":\"https:\/\/digilago.es\/elgransimulacro\/contacto\/#primaryimage\"},\"thumbnailUrl\":\"https:\/\/digilago.es\/elgransimulacro\/wp-content\/uploads\/sites\/57\/2026\/02\/189342153_l-1024x1024.jpg\",\"datePublished\":\"2026-02-04T10:51:33+00:00\",\"dateModified\":\"2026-02-13T08:55:36+00:00\",\"description\":\"Contacta con el simulacro para resolver tus dudas sobre reembolsos y devoluciones. Estamos aqu\u00ed para ayudarte.\",\"breadcrumb\":{\"@id\":\"https:\/\/digilago.es\/elgransimulacro\/contacto\/#breadcrumb\"},\"inLanguage\":\"es\",\"potentialAction\":[{\"@type\":\"ReadAction\",\"target\":[\"https:\/\/digilago.es\/elgransimulacro\/contacto\/\"]}]},{\"@type\":\"ImageObject\",\"inLanguage\":\"es\",\"@id\":\"https:\/\/digilago.es\/elgransimulacro\/contacto\/#primaryimage\",\"url\":\"https:\/\/digilago.es\/elgransimulacro\/wp-content\/uploads\/sites\/57\/2026\/02\/189342153_l.jpg\",\"contentUrl\":\"https:\/\/digilago.es\/elgransimulacro\/wp-content\/uploads\/sites\/57\/2026\/02\/189342153_l.jpg\",\"width\":2480,\"height\":2480,\"caption\":\"Contacto\"},{\"@type\":\"BreadcrumbList\",\"@id\":\"https:\/\/digilago.es\/elgransimulacro\/contacto\/#breadcrumb\",\"itemListElement\":[{\"@type\":\"ListItem\",\"position\":1,\"name\":\"Portada\",\"item\":\"https:\/\/digilago.es\/elgransimulacro\/\"},{\"@type\":\"ListItem\",\"position\":2,\"name\":\"Contacto\"}]},{\"@type\":\"WebSite\",\"@id\":\"https:\/\/digilago.es\/elgransimulacro\/#website\",\"url\":\"https:\/\/digilago.es\/elgransimulacro\/\",\"name\":\"El Gran Simulacro\",\"description\":\"\",\"potentialAction\":[{\"@type\":\"SearchAction\",\"target\":{\"@type\":\"EntryPoint\",\"urlTemplate\":\"https:\/\/digilago.es\/elgransimulacro\/?s={search_term_string}\"},\"query-input\":{\"@type\":\"PropertyValueSpecification\",\"valueRequired\":true,\"valueName\":\"search_term_string\"}}],\"inLanguage\":\"es\"}]}<\/script>\n<!-- \/ Yoast SEO plugin. -->","yoast_head_json":{"title":"Contacto - El Gran Simulacro","description":"Contacta con el simulacro para resolver tus dudas sobre reembolsos y devoluciones. Estamos aqu\u00ed para ayudarte.","robots":{"index":"index","follow":"follow","max-snippet":"max-snippet:-1","max-image-preview":"max-image-preview:large","max-video-preview":"max-video-preview:-1"},"canonical":"https:\/\/digilago.es\/elgransimulacro\/contacto\/","og_locale":"es_ES","og_type":"article","og_title":"Contacto - El Gran Simulacro","og_description":"Contacta con el simulacro para resolver tus dudas sobre reembolsos y devoluciones. Estamos aqu\u00ed para ayudarte.","og_url":"https:\/\/digilago.es\/elgransimulacro\/contacto\/","og_site_name":"El Gran Simulacro","article_modified_time":"2026-02-13T08:55:36+00:00","og_image":[{"width":2480,"height":2480,"url":"https:\/\/digilago.es\/elgransimulacro\/wp-content\/uploads\/sites\/57\/2026\/02\/189342153_l.jpg","type":"image\/jpeg"}],"twitter_card":"summary_large_image","twitter_misc":{"Tiempo de lectura":"1 minuto"},"schema":{"@context":"https:\/\/schema.org","@graph":[{"@type":"WebPage","@id":"https:\/\/digilago.es\/elgransimulacro\/contacto\/","url":"https:\/\/digilago.es\/elgransimulacro\/contacto\/","name":"Contacto - El Gran Simulacro","isPartOf":{"@id":"https:\/\/digilago.es\/elgransimulacro\/#website"},"primaryImageOfPage":{"@id":"https:\/\/digilago.es\/elgransimulacro\/contacto\/#primaryimage"},"image":{"@id":"https:\/\/digilago.es\/elgransimulacro\/contacto\/#primaryimage"},"thumbnailUrl":"https:\/\/digilago.es\/elgransimulacro\/wp-content\/uploads\/sites\/57\/2026\/02\/189342153_l-1024x1024.jpg","datePublished":"2026-02-04T10:51:33+00:00","dateModified":"2026-02-13T08:55:36+00:00","description":"Contacta con el simulacro para resolver tus dudas sobre reembolsos y devoluciones. Estamos aqu\u00ed para ayudarte.","breadcrumb":{"@id":"https:\/\/digilago.es\/elgransimulacro\/contacto\/#breadcrumb"},"inLanguage":"es","potentialAction":[{"@type":"ReadAction","target":["https:\/\/digilago.es\/elgransimulacro\/contacto\/"]}]},{"@type":"ImageObject","inLanguage":"es","@id":"https:\/\/digilago.es\/elgransimulacro\/contacto\/#primaryimage","url":"https:\/\/digilago.es\/elgransimulacro\/wp-content\/uploads\/sites\/57\/2026\/02\/189342153_l.jpg","contentUrl":"https:\/\/digilago.es\/elgransimulacro\/wp-content\/uploads\/sites\/57\/2026\/02\/189342153_l.jpg","width":2480,"height":2480,"caption":"Contacto"},{"@type":"BreadcrumbList","@id":"https:\/\/digilago.es\/elgransimulacro\/contacto\/#breadcrumb","itemListElement":[{"@type":"ListItem","position":1,"name":"Portada","item":"https:\/\/digilago.es\/elgransimulacro\/"},{"@type":"ListItem","position":2,"name":"Contacto"}]},{"@type":"WebSite","@id":"https:\/\/digilago.es\/elgransimulacro\/#website","url":"https:\/\/digilago.es\/elgransimulacro\/","name":"El Gran Simulacro","description":"","potentialAction":[{"@type":"SearchAction","target":{"@type":"EntryPoint","urlTemplate":"https:\/\/digilago.es\/elgransimulacro\/?s={search_term_string}"},"query-input":{"@type":"PropertyValueSpecification","valueRequired":true,"valueName":"search_term_string"}}],"inLanguage":"es"}]}},"_links":{"self":[{"href":"https:\/\/digilago.es\/elgransimulacro\/wp-json\/wp\/v2\/pages\/144","targetHints":{"allow":["GET"]}}],"collection":[{"href":"https:\/\/digilago.es\/elgransimulacro\/wp-json\/wp\/v2\/pages"}],"about":[{"href":"https:\/\/digilago.es\/elgransimulacro\/wp-json\/wp\/v2\/types\/page"}],"author":[{"embeddable":true,"href":"https:\/\/digilago.es\/elgransimulacro\/wp-json\/wp\/v2\/users\/137"}],"replies":[{"embeddable":true,"href":"https:\/\/digilago.es\/elgransimulacro\/wp-json\/wp\/v2\/comments?post=144"}],"version-history":[{"count":12,"href":"https:\/\/digilago.es\/elgransimulacro\/wp-json\/wp\/v2\/pages\/144\/revisions"}],"predecessor-version":[{"id":190,"href":"https:\/\/digilago.es\/elgransimulacro\/wp-json\/wp\/v2\/pages\/144\/revisions\/190"}],"wp:attachment":[{"href":"https:\/\/digilago.es\/elgransimulacro\/wp-json\/wp\/v2\/media?parent=144"}],"curies":[{"name":"wp","href":"https:\/\/api.w.org\/{rel}","templated":true}]}}