{"id":194,"date":"2026-04-07T10:03:23","date_gmt":"2026-04-07T08:03:23","guid":{"rendered":"https:\/\/digilago.es\/autoimport\/?post_type=product&#038;p=194"},"modified":"2026-04-07T12:29:56","modified_gmt":"2026-04-07T10:29:56","slug":"audi-a3-2016","status":"publish","type":"product","link":"https:\/\/digilago.es\/autoimport\/producto\/audi-a3-2016\/","title":{"rendered":"Audi A3 2016"},"content":{"rendered":"<ul data-path-to-node=\"1\">\n<li>\n<p data-path-to-node=\"1,0,0\"><b data-path-to-node=\"1,0,0\" data-index-in-node=\"0\">Veh\u00edculo:<\/b> Audi A3 Sportback 1,4 TFSI \u201cAmbiente\u201d<\/p>\n<\/li>\n<li>\n<p data-path-to-node=\"1,1,0\"><b data-path-to-node=\"1,1,0\" data-index-in-node=\"0\">Motorizaci\u00f3n:<\/b> 1.4 Litros Gasolina (90 KW \/ 122 CV)<\/p>\n<\/li>\n<li>\n<p data-path-to-node=\"1,2,0\"><b data-path-to-node=\"1,2,0\" data-index-in-node=\"0\">Estado:<\/b> 06.2016 | 123.200 Kil\u00f3metros | 1 solo propietario<\/p>\n<\/li>\n<li>\n<p data-path-to-node=\"1,3,0\">Manual (Caja de 6 velocidades)<\/p>\n<\/li>\n<\/ul>\n<p data-path-to-node=\"2\"><b data-path-to-node=\"2\" data-index-in-node=\"0\">Equipamiento Premium:<\/b><\/p>\n<ul data-path-to-node=\"3\">\n<li>\n<p data-path-to-node=\"3,0,0\">Interior en <b data-path-to-node=\"3,0,0\" data-index-in-node=\"12\">piel negra<\/b> y tela con calefacci\u00f3n en los asientos delanteros.<\/p>\n<\/li>\n<li>\n<p data-path-to-node=\"3,1,0\">Navegaci\u00f3n y control: <b data-path-to-node=\"3,1,0\" data-index-in-node=\"22\">Navigations-Paket<\/b> con visualizaci\u00f3n de mapa y ordenador de a bordo.<\/p>\n<\/li>\n<li>\n<p data-path-to-node=\"3,2,0\">Confort de conducci\u00f3n: Aire acondicionado autom\u00e1tico, <b data-path-to-node=\"3,2,0\" data-index-in-node=\"54\">sensor de lluvia<\/b> y volante multifunci\u00f3n.<\/p>\n<\/li>\n<li>\n<p data-path-to-node=\"3,3,0\">Asistencia al aparcamiento: Sistema ac\u00fastico <b data-path-to-node=\"3,3,0\" data-index-in-node=\"45\">APS<\/b> en la parte trasera.<\/p>\n<\/li>\n<li>\n<p data-path-to-node=\"3,4,0\">Seguridad y chasis: Sistema de Control de Tracci\u00f3n (ASR), ABS y equipamiento de seguridad con 4 Airbags.<\/p>\n<\/li>\n<\/ul>\n","protected":false},"excerpt":{"rendered":"<p>Veh\u00edculo: Audi A3 Sportback 1,4 TFSI \u201cAmbiente\u201d Motorizaci\u00f3n: 1.4 Litros Gasolina (90 KW \/ 122 CV) Estado: 06.2016 | 123.200 Kil\u00f3metros | 1 solo propietario Manual (Caja de 6 velocidades) Equipamiento Premium: Interior en piel negra y tela con calefacci\u00f3n en los asientos delanteros. Navegaci\u00f3n y control: Navigations-Paket con visualizaci\u00f3n de mapa y ordenador de [&hellip;]<\/p>\n","protected":false},"featured_media":195,"comment_status":"open","ping_status":"closed","template":"","meta":[],"product_brand":[],"product_cat":[21],"product_tag":[],"class_list":{"0":"post-194","1":"product","2":"type-product","3":"status-publish","4":"has-post-thumbnail","6":"product_cat-audi","8":"first","9":"instock","10":"taxable","11":"shipping-taxable","12":"product-type-simple"},"yoast_head":"<!-- This site is optimized with the Yoast SEO plugin v26.8 - https:\/\/yoast.com\/product\/yoast-seo-wordpress\/ -->\n<title>Audi A3 2016 - Autoimport<\/title>\n<meta name=\"robots\" content=\"index, follow, max-snippet:-1, max-image-preview:large, max-video-preview:-1\" \/>\n<link rel=\"canonical\" href=\"https:\/\/digilago.es\/autoimport\/producto\/audi-a3-2016\/\" \/>\n<meta property=\"og:locale\" content=\"es_ES\" \/>\n<meta property=\"og:type\" content=\"article\" \/>\n<meta property=\"og:title\" content=\"Audi A3 2016 - Autoimport\" \/>\n<meta property=\"og:description\" content=\"Veh\u00edculo: Audi A3 Sportback 1,4 TFSI \u201cAmbiente\u201d Motorizaci\u00f3n: 1.4 Litros Gasolina (90 KW \/ 122 CV) Estado: 06.2016 | 123.200 Kil\u00f3metros | 1 solo propietario Manual (Caja de 6 velocidades) Equipamiento Premium: Interior en piel negra y tela con calefacci\u00f3n en los asientos delanteros. Navegaci\u00f3n y control: Navigations-Paket con visualizaci\u00f3n de mapa y ordenador de [&hellip;]\" \/>\n<meta property=\"og:url\" content=\"https:\/\/digilago.es\/autoimport\/producto\/audi-a3-2016\/\" \/>\n<meta property=\"og:site_name\" content=\"Autoimport\" \/>\n<meta property=\"article:modified_time\" content=\"2026-04-07T10:29:56+00:00\" \/>\n<meta property=\"og:image\" content=\"https:\/\/digilago.es\/autoimport\/wp-content\/uploads\/sites\/41\/2026\/04\/aaaaa.jpg\" \/>\n\t<meta property=\"og:image:width\" content=\"1130\" \/>\n\t<meta property=\"og:image:height\" content=\"728\" \/>\n\t<meta property=\"og:image:type\" content=\"image\/jpeg\" \/>\n<meta name=\"twitter:card\" content=\"summary_large_image\" \/>\n<meta name=\"twitter:label1\" content=\"Tiempo de lectura\" \/>\n\t<meta name=\"twitter:data1\" content=\"1 minuto\" \/>\n<script type=\"application\/ld+json\" class=\"yoast-schema-graph\">{\"@context\":\"https:\/\/schema.org\",\"@graph\":[{\"@type\":\"WebPage\",\"@id\":\"https:\/\/digilago.es\/autoimport\/producto\/audi-a3-2016\/\",\"url\":\"https:\/\/digilago.es\/autoimport\/producto\/audi-a3-2016\/\",\"name\":\"Audi A3 2016 - Autoimport\",\"isPartOf\":{\"@id\":\"https:\/\/digilago.es\/autoimport\/#website\"},\"primaryImageOfPage\":{\"@id\":\"https:\/\/digilago.es\/autoimport\/producto\/audi-a3-2016\/#primaryimage\"},\"image\":{\"@id\":\"https:\/\/digilago.es\/autoimport\/producto\/audi-a3-2016\/#primaryimage\"},\"thumbnailUrl\":\"https:\/\/digilago.es\/autoimport\/wp-content\/uploads\/sites\/41\/2026\/04\/aaaaa.jpg\",\"datePublished\":\"2026-04-07T08:03:23+00:00\",\"dateModified\":\"2026-04-07T10:29:56+00:00\",\"breadcrumb\":{\"@id\":\"https:\/\/digilago.es\/autoimport\/producto\/audi-a3-2016\/#breadcrumb\"},\"inLanguage\":\"es\",\"potentialAction\":[{\"@type\":\"ReadAction\",\"target\":[\"https:\/\/digilago.es\/autoimport\/producto\/audi-a3-2016\/\"]}]},{\"@type\":\"ImageObject\",\"inLanguage\":\"es\",\"@id\":\"https:\/\/digilago.es\/autoimport\/producto\/audi-a3-2016\/#primaryimage\",\"url\":\"https:\/\/digilago.es\/autoimport\/wp-content\/uploads\/sites\/41\/2026\/04\/aaaaa.jpg\",\"contentUrl\":\"https:\/\/digilago.es\/autoimport\/wp-content\/uploads\/sites\/41\/2026\/04\/aaaaa.jpg\",\"width\":1130,\"height\":728},{\"@type\":\"BreadcrumbList\",\"@id\":\"https:\/\/digilago.es\/autoimport\/producto\/audi-a3-2016\/#breadcrumb\",\"itemListElement\":[{\"@type\":\"ListItem\",\"position\":1,\"name\":\"Portada\",\"item\":\"https:\/\/digilago.es\/autoimport\/\"},{\"@type\":\"ListItem\",\"position\":2,\"name\":\"Tienda\",\"item\":\"https:\/\/digilago.es\/autoimport\/tienda\/\"},{\"@type\":\"ListItem\",\"position\":3,\"name\":\"Audi A3 2016\"}]},{\"@type\":\"WebSite\",\"@id\":\"https:\/\/digilago.es\/autoimport\/#website\",\"url\":\"https:\/\/digilago.es\/autoimport\/\",\"name\":\"Autoimport\",\"description\":\"\",\"potentialAction\":[{\"@type\":\"SearchAction\",\"target\":{\"@type\":\"EntryPoint\",\"urlTemplate\":\"https:\/\/digilago.es\/autoimport\/?s={search_term_string}\"},\"query-input\":{\"@type\":\"PropertyValueSpecification\",\"valueRequired\":true,\"valueName\":\"search_term_string\"}}],\"inLanguage\":\"es\"}]}<\/script>\n<!-- \/ Yoast SEO plugin. -->","yoast_head_json":{"title":"Audi A3 2016 - Autoimport","robots":{"index":"index","follow":"follow","max-snippet":"max-snippet:-1","max-image-preview":"max-image-preview:large","max-video-preview":"max-video-preview:-1"},"canonical":"https:\/\/digilago.es\/autoimport\/producto\/audi-a3-2016\/","og_locale":"es_ES","og_type":"article","og_title":"Audi A3 2016 - Autoimport","og_description":"Veh\u00edculo: Audi A3 Sportback 1,4 TFSI \u201cAmbiente\u201d Motorizaci\u00f3n: 1.4 Litros Gasolina (90 KW \/ 122 CV) Estado: 06.2016 | 123.200 Kil\u00f3metros | 1 solo propietario Manual (Caja de 6 velocidades) Equipamiento Premium: Interior en piel negra y tela con calefacci\u00f3n en los asientos delanteros. Navegaci\u00f3n y control: Navigations-Paket con visualizaci\u00f3n de mapa y ordenador de [&hellip;]","og_url":"https:\/\/digilago.es\/autoimport\/producto\/audi-a3-2016\/","og_site_name":"Autoimport","article_modified_time":"2026-04-07T10:29:56+00:00","og_image":[{"width":1130,"height":728,"url":"https:\/\/digilago.es\/autoimport\/wp-content\/uploads\/sites\/41\/2026\/04\/aaaaa.jpg","type":"image\/jpeg"}],"twitter_card":"summary_large_image","twitter_misc":{"Tiempo de lectura":"1 minuto"},"schema":{"@context":"https:\/\/schema.org","@graph":[{"@type":"WebPage","@id":"https:\/\/digilago.es\/autoimport\/producto\/audi-a3-2016\/","url":"https:\/\/digilago.es\/autoimport\/producto\/audi-a3-2016\/","name":"Audi A3 2016 - Autoimport","isPartOf":{"@id":"https:\/\/digilago.es\/autoimport\/#website"},"primaryImageOfPage":{"@id":"https:\/\/digilago.es\/autoimport\/producto\/audi-a3-2016\/#primaryimage"},"image":{"@id":"https:\/\/digilago.es\/autoimport\/producto\/audi-a3-2016\/#primaryimage"},"thumbnailUrl":"https:\/\/digilago.es\/autoimport\/wp-content\/uploads\/sites\/41\/2026\/04\/aaaaa.jpg","datePublished":"2026-04-07T08:03:23+00:00","dateModified":"2026-04-07T10:29:56+00:00","breadcrumb":{"@id":"https:\/\/digilago.es\/autoimport\/producto\/audi-a3-2016\/#breadcrumb"},"inLanguage":"es","potentialAction":[{"@type":"ReadAction","target":["https:\/\/digilago.es\/autoimport\/producto\/audi-a3-2016\/"]}]},{"@type":"ImageObject","inLanguage":"es","@id":"https:\/\/digilago.es\/autoimport\/producto\/audi-a3-2016\/#primaryimage","url":"https:\/\/digilago.es\/autoimport\/wp-content\/uploads\/sites\/41\/2026\/04\/aaaaa.jpg","contentUrl":"https:\/\/digilago.es\/autoimport\/wp-content\/uploads\/sites\/41\/2026\/04\/aaaaa.jpg","width":1130,"height":728},{"@type":"BreadcrumbList","@id":"https:\/\/digilago.es\/autoimport\/producto\/audi-a3-2016\/#breadcrumb","itemListElement":[{"@type":"ListItem","position":1,"name":"Portada","item":"https:\/\/digilago.es\/autoimport\/"},{"@type":"ListItem","position":2,"name":"Tienda","item":"https:\/\/digilago.es\/autoimport\/tienda\/"},{"@type":"ListItem","position":3,"name":"Audi A3 2016"}]},{"@type":"WebSite","@id":"https:\/\/digilago.es\/autoimport\/#website","url":"https:\/\/digilago.es\/autoimport\/","name":"Autoimport","description":"","potentialAction":[{"@type":"SearchAction","target":{"@type":"EntryPoint","urlTemplate":"https:\/\/digilago.es\/autoimport\/?s={search_term_string}"},"query-input":{"@type":"PropertyValueSpecification","valueRequired":true,"valueName":"search_term_string"}}],"inLanguage":"es"}]}},"_links":{"self":[{"href":"https:\/\/digilago.es\/autoimport\/wp-json\/wp\/v2\/product\/194","targetHints":{"allow":["GET"]}}],"collection":[{"href":"https:\/\/digilago.es\/autoimport\/wp-json\/wp\/v2\/product"}],"about":[{"href":"https:\/\/digilago.es\/autoimport\/wp-json\/wp\/v2\/types\/product"}],"replies":[{"embeddable":true,"href":"https:\/\/digilago.es\/autoimport\/wp-json\/wp\/v2\/comments?post=194"}],"wp:featuredmedia":[{"embeddable":true,"href":"https:\/\/digilago.es\/autoimport\/wp-json\/wp\/v2\/media\/195"}],"wp:attachment":[{"href":"https:\/\/digilago.es\/autoimport\/wp-json\/wp\/v2\/media?parent=194"}],"wp:term":[{"taxonomy":"product_brand","embeddable":true,"href":"https:\/\/digilago.es\/autoimport\/wp-json\/wp\/v2\/product_brand?post=194"},{"taxonomy":"product_cat","embeddable":true,"href":"https:\/\/digilago.es\/autoimport\/wp-json\/wp\/v2\/product_cat?post=194"},{"taxonomy":"product_tag","embeddable":true,"href":"https:\/\/digilago.es\/autoimport\/wp-json\/wp\/v2\/product_tag?post=194"}],"curies":[{"name":"wp","href":"https:\/\/api.w.org\/{rel}","templated":true}]}}