{"id":188,"date":"2026-04-07T09:45:14","date_gmt":"2026-04-07T07:45:14","guid":{"rendered":"https:\/\/digilago.es\/autoimport\/?post_type=product&#038;p=188"},"modified":"2026-04-10T09:34:59","modified_gmt":"2026-04-10T07:34:59","slug":"bmw-x4-2018","status":"publish","type":"product","link":"https:\/\/digilago.es\/autoimport\/producto\/bmw-x4-2018\/","title":{"rendered":"BMW x4 &#8216;2018"},"content":{"rendered":"<ul data-path-to-node=\"1\">\n<li>\n<p data-path-to-node=\"1,0,0\"><b data-path-to-node=\"1,0,0\" data-index-in-node=\"0\">Veh\u00edculo:<\/b> BMW X4 xDrive20d Steptronic \u201cM Sportpaket\u201d<\/p>\n<\/li>\n<li>\n<p data-path-to-node=\"1,1,0\"><b data-path-to-node=\"1,1,0\" data-index-in-node=\"0\">Motorizaci\u00f3n:<\/b> 2.0 Litros Diesel (140 KW \/ 190 CV)<\/p>\n<\/li>\n<li>\n<p data-path-to-node=\"1,2,0\"><b data-path-to-node=\"1,2,0\" data-index-in-node=\"0\">Estado:<\/b> 02.2018 | 90.800 Kil\u00f3metros | 1 solo propietario<\/p>\n<\/li>\n<li>\n<p data-path-to-node=\"1,3,0\">\u00a0Total Autom\u00e1tico (Steptronic)<\/p>\n<\/li>\n<\/ul>\n<p data-path-to-node=\"2\"><b data-path-to-node=\"2\" data-index-in-node=\"0\">Equipamiento Premium:<\/b><\/p>\n<ul data-path-to-node=\"3\">\n<li>\n<p data-path-to-node=\"3,0,0\">Interior en <b data-path-to-node=\"3,0,0\" data-index-in-node=\"12\">piel negra<\/b> con calefacci\u00f3n en los asientos y aire acondicionado autom\u00e1tico.<\/p>\n<\/li>\n<li>\n<p data-path-to-node=\"3,1,0\">Tecnolog\u00eda de vanguardia: <b data-path-to-node=\"3,1,0\" data-index-in-node=\"26\">Head-up Display<\/b> y Sistema de navegaci\u00f3n Professional de f\u00e1brica.<\/p>\n<\/li>\n<li>\n<p data-path-to-node=\"3,2,0\">Dise\u00f1o deportivo: <b data-path-to-node=\"3,2,0\" data-index-in-node=\"18\">Paquete deportivo M<\/b> (exterior e interior) y techo corredizo el\u00e9ctrico de cristal.<\/p>\n<\/li>\n<li>\n<p data-path-to-node=\"3,3,0\">Asistencia al aparcamiento: <b data-path-to-node=\"3,3,0\" data-index-in-node=\"28\">Surround View<\/b> (visi\u00f3n 360\u00b0), c\u00e1mara de visi\u00f3n trasera y sensores.<\/p>\n<\/li>\n<li>\n<p data-path-to-node=\"3,4,0\">Iluminaci\u00f3n y extras: Faros <b data-path-to-node=\"3,4,0\" data-index-in-node=\"28\">Xen\u00f3n<\/b>, ordenador de a bordo y tracci\u00f3n integral inteligente xDrive.<\/p>\n<\/li>\n<\/ul>\n","protected":false},"excerpt":{"rendered":"<p>Veh\u00edculo: BMW X4 xDrive20d Steptronic \u201cM Sportpaket\u201d Motorizaci\u00f3n: 2.0 Litros Diesel (140 KW \/ 190 CV) Estado: 02.2018 | 90.800 Kil\u00f3metros | 1 solo propietario \u00a0Total Autom\u00e1tico (Steptronic) Equipamiento Premium: Interior en piel negra con calefacci\u00f3n en los asientos y aire acondicionado autom\u00e1tico. Tecnolog\u00eda de vanguardia: Head-up Display y Sistema de navegaci\u00f3n Professional de f\u00e1brica. [&hellip;]<\/p>\n","protected":false},"featured_media":190,"comment_status":"open","ping_status":"closed","template":"","meta":[],"product_brand":[],"product_cat":[24],"product_tag":[],"class_list":{"0":"post-188","1":"product","2":"type-product","3":"status-publish","4":"has-post-thumbnail","6":"product_cat-bmw","8":"first","9":"instock","10":"taxable","11":"shipping-taxable","12":"product-type-simple"},"yoast_head":"<!-- This site is optimized with the Yoast SEO plugin v26.8 - https:\/\/yoast.com\/product\/yoast-seo-wordpress\/ -->\n<title>BMW x4 &#039;2018 - Autoimport<\/title>\n<meta name=\"robots\" content=\"index, follow, max-snippet:-1, max-image-preview:large, max-video-preview:-1\" \/>\n<link rel=\"canonical\" href=\"https:\/\/digilago.es\/autoimport\/producto\/bmw-x4-2018\/\" \/>\n<meta property=\"og:locale\" content=\"es_ES\" \/>\n<meta property=\"og:type\" content=\"article\" \/>\n<meta property=\"og:title\" content=\"BMW x4 &#039;2018 - Autoimport\" \/>\n<meta property=\"og:description\" content=\"Veh\u00edculo: BMW X4 xDrive20d Steptronic \u201cM Sportpaket\u201d Motorizaci\u00f3n: 2.0 Litros Diesel (140 KW \/ 190 CV) Estado: 02.2018 | 90.800 Kil\u00f3metros | 1 solo propietario \u00a0Total Autom\u00e1tico (Steptronic) Equipamiento Premium: Interior en piel negra con calefacci\u00f3n en los asientos y aire acondicionado autom\u00e1tico. Tecnolog\u00eda de vanguardia: Head-up Display y Sistema de navegaci\u00f3n Professional de f\u00e1brica. [&hellip;]\" \/>\n<meta property=\"og:url\" content=\"https:\/\/digilago.es\/autoimport\/producto\/bmw-x4-2018\/\" \/>\n<meta property=\"og:site_name\" content=\"Autoimport\" \/>\n<meta property=\"article:modified_time\" content=\"2026-04-10T07:34:59+00:00\" \/>\n<meta property=\"og:image\" content=\"https:\/\/digilago.es\/autoimport\/wp-content\/uploads\/sites\/41\/2026\/04\/bbbb.jpg\" \/>\n\t<meta property=\"og:image:width\" content=\"1130\" \/>\n\t<meta property=\"og:image:height\" content=\"711\" \/>\n\t<meta property=\"og:image:type\" content=\"image\/jpeg\" \/>\n<meta name=\"twitter:card\" content=\"summary_large_image\" \/>\n<meta name=\"twitter:label1\" content=\"Tiempo de lectura\" \/>\n\t<meta name=\"twitter:data1\" content=\"1 minuto\" \/>\n<script type=\"application\/ld+json\" class=\"yoast-schema-graph\">{\"@context\":\"https:\/\/schema.org\",\"@graph\":[{\"@type\":\"WebPage\",\"@id\":\"https:\/\/digilago.es\/autoimport\/producto\/bmw-x4-2018\/\",\"url\":\"https:\/\/digilago.es\/autoimport\/producto\/bmw-x4-2018\/\",\"name\":\"BMW x4 '2018 - Autoimport\",\"isPartOf\":{\"@id\":\"https:\/\/digilago.es\/autoimport\/#website\"},\"primaryImageOfPage\":{\"@id\":\"https:\/\/digilago.es\/autoimport\/producto\/bmw-x4-2018\/#primaryimage\"},\"image\":{\"@id\":\"https:\/\/digilago.es\/autoimport\/producto\/bmw-x4-2018\/#primaryimage\"},\"thumbnailUrl\":\"https:\/\/digilago.es\/autoimport\/wp-content\/uploads\/sites\/41\/2026\/04\/bbbb.jpg\",\"datePublished\":\"2026-04-07T07:45:14+00:00\",\"dateModified\":\"2026-04-10T07:34:59+00:00\",\"breadcrumb\":{\"@id\":\"https:\/\/digilago.es\/autoimport\/producto\/bmw-x4-2018\/#breadcrumb\"},\"inLanguage\":\"es\",\"potentialAction\":[{\"@type\":\"ReadAction\",\"target\":[\"https:\/\/digilago.es\/autoimport\/producto\/bmw-x4-2018\/\"]}]},{\"@type\":\"ImageObject\",\"inLanguage\":\"es\",\"@id\":\"https:\/\/digilago.es\/autoimport\/producto\/bmw-x4-2018\/#primaryimage\",\"url\":\"https:\/\/digilago.es\/autoimport\/wp-content\/uploads\/sites\/41\/2026\/04\/bbbb.jpg\",\"contentUrl\":\"https:\/\/digilago.es\/autoimport\/wp-content\/uploads\/sites\/41\/2026\/04\/bbbb.jpg\",\"width\":1130,\"height\":711},{\"@type\":\"BreadcrumbList\",\"@id\":\"https:\/\/digilago.es\/autoimport\/producto\/bmw-x4-2018\/#breadcrumb\",\"itemListElement\":[{\"@type\":\"ListItem\",\"position\":1,\"name\":\"Portada\",\"item\":\"https:\/\/digilago.es\/autoimport\/\"},{\"@type\":\"ListItem\",\"position\":2,\"name\":\"Tienda\",\"item\":\"https:\/\/digilago.es\/autoimport\/tienda\/\"},{\"@type\":\"ListItem\",\"position\":3,\"name\":\"BMW x4 &#8216;2018\"}]},{\"@type\":\"WebSite\",\"@id\":\"https:\/\/digilago.es\/autoimport\/#website\",\"url\":\"https:\/\/digilago.es\/autoimport\/\",\"name\":\"Autoimport\",\"description\":\"\",\"potentialAction\":[{\"@type\":\"SearchAction\",\"target\":{\"@type\":\"EntryPoint\",\"urlTemplate\":\"https:\/\/digilago.es\/autoimport\/?s={search_term_string}\"},\"query-input\":{\"@type\":\"PropertyValueSpecification\",\"valueRequired\":true,\"valueName\":\"search_term_string\"}}],\"inLanguage\":\"es\"}]}<\/script>\n<!-- \/ Yoast SEO plugin. -->","yoast_head_json":{"title":"BMW x4 '2018 - Autoimport","robots":{"index":"index","follow":"follow","max-snippet":"max-snippet:-1","max-image-preview":"max-image-preview:large","max-video-preview":"max-video-preview:-1"},"canonical":"https:\/\/digilago.es\/autoimport\/producto\/bmw-x4-2018\/","og_locale":"es_ES","og_type":"article","og_title":"BMW x4 '2018 - Autoimport","og_description":"Veh\u00edculo: BMW X4 xDrive20d Steptronic \u201cM Sportpaket\u201d Motorizaci\u00f3n: 2.0 Litros Diesel (140 KW \/ 190 CV) Estado: 02.2018 | 90.800 Kil\u00f3metros | 1 solo propietario \u00a0Total Autom\u00e1tico (Steptronic) Equipamiento Premium: Interior en piel negra con calefacci\u00f3n en los asientos y aire acondicionado autom\u00e1tico. Tecnolog\u00eda de vanguardia: Head-up Display y Sistema de navegaci\u00f3n Professional de f\u00e1brica. [&hellip;]","og_url":"https:\/\/digilago.es\/autoimport\/producto\/bmw-x4-2018\/","og_site_name":"Autoimport","article_modified_time":"2026-04-10T07:34:59+00:00","og_image":[{"width":1130,"height":711,"url":"https:\/\/digilago.es\/autoimport\/wp-content\/uploads\/sites\/41\/2026\/04\/bbbb.jpg","type":"image\/jpeg"}],"twitter_card":"summary_large_image","twitter_misc":{"Tiempo de lectura":"1 minuto"},"schema":{"@context":"https:\/\/schema.org","@graph":[{"@type":"WebPage","@id":"https:\/\/digilago.es\/autoimport\/producto\/bmw-x4-2018\/","url":"https:\/\/digilago.es\/autoimport\/producto\/bmw-x4-2018\/","name":"BMW x4 '2018 - Autoimport","isPartOf":{"@id":"https:\/\/digilago.es\/autoimport\/#website"},"primaryImageOfPage":{"@id":"https:\/\/digilago.es\/autoimport\/producto\/bmw-x4-2018\/#primaryimage"},"image":{"@id":"https:\/\/digilago.es\/autoimport\/producto\/bmw-x4-2018\/#primaryimage"},"thumbnailUrl":"https:\/\/digilago.es\/autoimport\/wp-content\/uploads\/sites\/41\/2026\/04\/bbbb.jpg","datePublished":"2026-04-07T07:45:14+00:00","dateModified":"2026-04-10T07:34:59+00:00","breadcrumb":{"@id":"https:\/\/digilago.es\/autoimport\/producto\/bmw-x4-2018\/#breadcrumb"},"inLanguage":"es","potentialAction":[{"@type":"ReadAction","target":["https:\/\/digilago.es\/autoimport\/producto\/bmw-x4-2018\/"]}]},{"@type":"ImageObject","inLanguage":"es","@id":"https:\/\/digilago.es\/autoimport\/producto\/bmw-x4-2018\/#primaryimage","url":"https:\/\/digilago.es\/autoimport\/wp-content\/uploads\/sites\/41\/2026\/04\/bbbb.jpg","contentUrl":"https:\/\/digilago.es\/autoimport\/wp-content\/uploads\/sites\/41\/2026\/04\/bbbb.jpg","width":1130,"height":711},{"@type":"BreadcrumbList","@id":"https:\/\/digilago.es\/autoimport\/producto\/bmw-x4-2018\/#breadcrumb","itemListElement":[{"@type":"ListItem","position":1,"name":"Portada","item":"https:\/\/digilago.es\/autoimport\/"},{"@type":"ListItem","position":2,"name":"Tienda","item":"https:\/\/digilago.es\/autoimport\/tienda\/"},{"@type":"ListItem","position":3,"name":"BMW x4 &#8216;2018"}]},{"@type":"WebSite","@id":"https:\/\/digilago.es\/autoimport\/#website","url":"https:\/\/digilago.es\/autoimport\/","name":"Autoimport","description":"","potentialAction":[{"@type":"SearchAction","target":{"@type":"EntryPoint","urlTemplate":"https:\/\/digilago.es\/autoimport\/?s={search_term_string}"},"query-input":{"@type":"PropertyValueSpecification","valueRequired":true,"valueName":"search_term_string"}}],"inLanguage":"es"}]}},"_links":{"self":[{"href":"https:\/\/digilago.es\/autoimport\/wp-json\/wp\/v2\/product\/188","targetHints":{"allow":["GET"]}}],"collection":[{"href":"https:\/\/digilago.es\/autoimport\/wp-json\/wp\/v2\/product"}],"about":[{"href":"https:\/\/digilago.es\/autoimport\/wp-json\/wp\/v2\/types\/product"}],"replies":[{"embeddable":true,"href":"https:\/\/digilago.es\/autoimport\/wp-json\/wp\/v2\/comments?post=188"}],"wp:featuredmedia":[{"embeddable":true,"href":"https:\/\/digilago.es\/autoimport\/wp-json\/wp\/v2\/media\/190"}],"wp:attachment":[{"href":"https:\/\/digilago.es\/autoimport\/wp-json\/wp\/v2\/media?parent=188"}],"wp:term":[{"taxonomy":"product_brand","embeddable":true,"href":"https:\/\/digilago.es\/autoimport\/wp-json\/wp\/v2\/product_brand?post=188"},{"taxonomy":"product_cat","embeddable":true,"href":"https:\/\/digilago.es\/autoimport\/wp-json\/wp\/v2\/product_cat?post=188"},{"taxonomy":"product_tag","embeddable":true,"href":"https:\/\/digilago.es\/autoimport\/wp-json\/wp\/v2\/product_tag?post=188"}],"curies":[{"name":"wp","href":"https:\/\/api.w.org\/{rel}","templated":true}]}}