{"id":178,"date":"2026-04-07T09:17:15","date_gmt":"2026-04-07T07:17:15","guid":{"rendered":"https:\/\/digilago.es\/autoimport\/?post_type=product&#038;p=178"},"modified":"2026-04-10T09:57:00","modified_gmt":"2026-04-10T07:57:00","slug":"volkswagen-touareg-2014","status":"publish","type":"product","link":"https:\/\/digilago.es\/autoimport\/producto\/volkswagen-touareg-2014\/","title":{"rendered":"Volkswagen Touareg &#8216;2014"},"content":{"rendered":"<ul data-path-to-node=\"8\">\n<li>\n<p data-path-to-node=\"8,0,0\"><b data-path-to-node=\"8,0,0\" data-index-in-node=\"0\">Veh\u00edculo:<\/b> VW Touareg 3,0 TDI BMT 4Motion Tiptronic <i data-path-to-node=\"8,0,0\" data-index-in-node=\"51\">\u201cTerrain Tech\u201d<\/i><\/p>\n<\/li>\n<li>\n<p data-path-to-node=\"8,1,0\"><b data-path-to-node=\"8,1,0\" data-index-in-node=\"0\">Motorizaci\u00f3n:<\/b> 3.0 Litro(s) Diesel (193 KW \/ 262 CV)<\/p>\n<\/li>\n<li>\n<p data-path-to-node=\"8,2,0\"><b data-path-to-node=\"8,2,0\" data-index-in-node=\"0\">Estado:<\/b>\u00a0 176.200 Kil\u00f3metros<\/p>\n<\/li>\n<li>\n<p data-path-to-node=\"8,3,0\">\u00a0Autom\u00e1tico<\/p>\n<\/li>\n<\/ul>\n<p data-path-to-node=\"9\"><b data-path-to-node=\"9\" data-index-in-node=\"0\">Equipamiento Premium:<\/b><\/p>\n<ul data-path-to-node=\"10\">\n<li>\n<p data-path-to-node=\"10,0,0\">Interior en <b data-path-to-node=\"10,0,0\" data-index-in-node=\"12\">piel beige<\/b> con asientos el\u00e9ctricos (<b data-path-to-node=\"10,0,0\" data-index-in-node=\"48\">eSitze<\/b>) y memoria.<\/p>\n<\/li>\n<li>\n<p data-path-to-node=\"10,1,0\"><b data-path-to-node=\"10,1,0\" data-index-in-node=\"0\">Navegador RNS 850<\/b> con pantalla t\u00e1ctil y almacenamiento en disco duro.<\/p>\n<\/li>\n<li>\n<p data-path-to-node=\"10,2,0\"><b data-path-to-node=\"10,2,0\" data-index-in-node=\"17\">Techo panor\u00e1mico<\/b> y climatizaci\u00f3n trasera.<\/p>\n<\/li>\n<li>\n<p data-path-to-node=\"10,3,0\">Faros Bi-xen\u00f3n adaptativos y c\u00e1maras <b data-path-to-node=\"10,3,0\" data-index-in-node=\"60\">Area View<\/b>.<\/p>\n<\/li>\n<li>\n<p data-path-to-node=\"10,4,0\"><b data-path-to-node=\"10,4,0\" data-index-in-node=\"13\">Suspensi\u00f3n de aire<\/b> (Neum\u00e1tica).<\/p>\n<\/li>\n<\/ul>\n","protected":false},"excerpt":{"rendered":"<p>Veh\u00edculo: VW Touareg 3,0 TDI BMT 4Motion Tiptronic \u201cTerrain Tech\u201d Motorizaci\u00f3n: 3.0 Litro(s) Diesel (193 KW \/ 262 CV) Estado:\u00a0 176.200 Kil\u00f3metros \u00a0Autom\u00e1tico Equipamiento Premium: Interior en piel beige con asientos el\u00e9ctricos (eSitze) y memoria. Navegador RNS 850 con pantalla t\u00e1ctil y almacenamiento en disco duro. Techo panor\u00e1mico y climatizaci\u00f3n trasera. Faros Bi-xen\u00f3n adaptativos y [&hellip;]<\/p>\n","protected":false},"featured_media":179,"comment_status":"open","ping_status":"closed","template":"","meta":[],"product_brand":[],"product_cat":[25],"product_tag":[],"class_list":{"0":"post-178","1":"product","2":"type-product","3":"status-publish","4":"has-post-thumbnail","6":"product_cat-volkswagen","8":"first","9":"instock","10":"taxable","11":"shipping-taxable","12":"product-type-simple"},"yoast_head":"<!-- This site is optimized with the Yoast SEO plugin v26.8 - https:\/\/yoast.com\/product\/yoast-seo-wordpress\/ -->\n<title>Volkswagen Touareg &#039;2014 - Autoimport<\/title>\n<meta name=\"robots\" content=\"index, follow, max-snippet:-1, max-image-preview:large, max-video-preview:-1\" \/>\n<link rel=\"canonical\" href=\"https:\/\/digilago.es\/autoimport\/producto\/volkswagen-touareg-2014\/\" \/>\n<meta property=\"og:locale\" content=\"es_ES\" \/>\n<meta property=\"og:type\" content=\"article\" \/>\n<meta property=\"og:title\" content=\"Volkswagen Touareg &#039;2014 - Autoimport\" \/>\n<meta property=\"og:description\" content=\"Veh\u00edculo: VW Touareg 3,0 TDI BMT 4Motion Tiptronic \u201cTerrain Tech\u201d Motorizaci\u00f3n: 3.0 Litro(s) Diesel (193 KW \/ 262 CV) Estado:\u00a0 176.200 Kil\u00f3metros \u00a0Autom\u00e1tico Equipamiento Premium: Interior en piel beige con asientos el\u00e9ctricos (eSitze) y memoria. Navegador RNS 850 con pantalla t\u00e1ctil y almacenamiento en disco duro. Techo panor\u00e1mico y climatizaci\u00f3n trasera. Faros Bi-xen\u00f3n adaptativos y [&hellip;]\" \/>\n<meta property=\"og:url\" content=\"https:\/\/digilago.es\/autoimport\/producto\/volkswagen-touareg-2014\/\" \/>\n<meta property=\"og:site_name\" content=\"Autoimport\" \/>\n<meta property=\"article:modified_time\" content=\"2026-04-10T07:57:00+00:00\" \/>\n<meta property=\"og:image\" content=\"https:\/\/digilago.es\/autoimport\/wp-content\/uploads\/sites\/41\/2026\/04\/www.jpg\" \/>\n\t<meta property=\"og:image:width\" content=\"1130\" \/>\n\t<meta property=\"og:image:height\" content=\"732\" \/>\n\t<meta property=\"og:image:type\" content=\"image\/jpeg\" \/>\n<meta name=\"twitter:card\" content=\"summary_large_image\" \/>\n<meta name=\"twitter:label1\" content=\"Tiempo de lectura\" \/>\n\t<meta name=\"twitter:data1\" content=\"1 minuto\" \/>\n<script type=\"application\/ld+json\" class=\"yoast-schema-graph\">{\"@context\":\"https:\/\/schema.org\",\"@graph\":[{\"@type\":\"WebPage\",\"@id\":\"https:\/\/digilago.es\/autoimport\/producto\/volkswagen-touareg-2014\/\",\"url\":\"https:\/\/digilago.es\/autoimport\/producto\/volkswagen-touareg-2014\/\",\"name\":\"Volkswagen Touareg '2014 - Autoimport\",\"isPartOf\":{\"@id\":\"https:\/\/digilago.es\/autoimport\/#website\"},\"primaryImageOfPage\":{\"@id\":\"https:\/\/digilago.es\/autoimport\/producto\/volkswagen-touareg-2014\/#primaryimage\"},\"image\":{\"@id\":\"https:\/\/digilago.es\/autoimport\/producto\/volkswagen-touareg-2014\/#primaryimage\"},\"thumbnailUrl\":\"https:\/\/digilago.es\/autoimport\/wp-content\/uploads\/sites\/41\/2026\/04\/www.jpg\",\"datePublished\":\"2026-04-07T07:17:15+00:00\",\"dateModified\":\"2026-04-10T07:57:00+00:00\",\"breadcrumb\":{\"@id\":\"https:\/\/digilago.es\/autoimport\/producto\/volkswagen-touareg-2014\/#breadcrumb\"},\"inLanguage\":\"es\",\"potentialAction\":[{\"@type\":\"ReadAction\",\"target\":[\"https:\/\/digilago.es\/autoimport\/producto\/volkswagen-touareg-2014\/\"]}]},{\"@type\":\"ImageObject\",\"inLanguage\":\"es\",\"@id\":\"https:\/\/digilago.es\/autoimport\/producto\/volkswagen-touareg-2014\/#primaryimage\",\"url\":\"https:\/\/digilago.es\/autoimport\/wp-content\/uploads\/sites\/41\/2026\/04\/www.jpg\",\"contentUrl\":\"https:\/\/digilago.es\/autoimport\/wp-content\/uploads\/sites\/41\/2026\/04\/www.jpg\",\"width\":1130,\"height\":732,\"caption\":\"coches alemania\"},{\"@type\":\"BreadcrumbList\",\"@id\":\"https:\/\/digilago.es\/autoimport\/producto\/volkswagen-touareg-2014\/#breadcrumb\",\"itemListElement\":[{\"@type\":\"ListItem\",\"position\":1,\"name\":\"Portada\",\"item\":\"https:\/\/digilago.es\/autoimport\/\"},{\"@type\":\"ListItem\",\"position\":2,\"name\":\"Tienda\",\"item\":\"https:\/\/digilago.es\/autoimport\/tienda\/\"},{\"@type\":\"ListItem\",\"position\":3,\"name\":\"Volkswagen Touareg &#8216;2014\"}]},{\"@type\":\"WebSite\",\"@id\":\"https:\/\/digilago.es\/autoimport\/#website\",\"url\":\"https:\/\/digilago.es\/autoimport\/\",\"name\":\"Autoimport\",\"description\":\"\",\"potentialAction\":[{\"@type\":\"SearchAction\",\"target\":{\"@type\":\"EntryPoint\",\"urlTemplate\":\"https:\/\/digilago.es\/autoimport\/?s={search_term_string}\"},\"query-input\":{\"@type\":\"PropertyValueSpecification\",\"valueRequired\":true,\"valueName\":\"search_term_string\"}}],\"inLanguage\":\"es\"}]}<\/script>\n<!-- \/ Yoast SEO plugin. -->","yoast_head_json":{"title":"Volkswagen Touareg '2014 - Autoimport","robots":{"index":"index","follow":"follow","max-snippet":"max-snippet:-1","max-image-preview":"max-image-preview:large","max-video-preview":"max-video-preview:-1"},"canonical":"https:\/\/digilago.es\/autoimport\/producto\/volkswagen-touareg-2014\/","og_locale":"es_ES","og_type":"article","og_title":"Volkswagen Touareg '2014 - Autoimport","og_description":"Veh\u00edculo: VW Touareg 3,0 TDI BMT 4Motion Tiptronic \u201cTerrain Tech\u201d Motorizaci\u00f3n: 3.0 Litro(s) Diesel (193 KW \/ 262 CV) Estado:\u00a0 176.200 Kil\u00f3metros \u00a0Autom\u00e1tico Equipamiento Premium: Interior en piel beige con asientos el\u00e9ctricos (eSitze) y memoria. Navegador RNS 850 con pantalla t\u00e1ctil y almacenamiento en disco duro. Techo panor\u00e1mico y climatizaci\u00f3n trasera. Faros Bi-xen\u00f3n adaptativos y [&hellip;]","og_url":"https:\/\/digilago.es\/autoimport\/producto\/volkswagen-touareg-2014\/","og_site_name":"Autoimport","article_modified_time":"2026-04-10T07:57:00+00:00","og_image":[{"width":1130,"height":732,"url":"https:\/\/digilago.es\/autoimport\/wp-content\/uploads\/sites\/41\/2026\/04\/www.jpg","type":"image\/jpeg"}],"twitter_card":"summary_large_image","twitter_misc":{"Tiempo de lectura":"1 minuto"},"schema":{"@context":"https:\/\/schema.org","@graph":[{"@type":"WebPage","@id":"https:\/\/digilago.es\/autoimport\/producto\/volkswagen-touareg-2014\/","url":"https:\/\/digilago.es\/autoimport\/producto\/volkswagen-touareg-2014\/","name":"Volkswagen Touareg '2014 - Autoimport","isPartOf":{"@id":"https:\/\/digilago.es\/autoimport\/#website"},"primaryImageOfPage":{"@id":"https:\/\/digilago.es\/autoimport\/producto\/volkswagen-touareg-2014\/#primaryimage"},"image":{"@id":"https:\/\/digilago.es\/autoimport\/producto\/volkswagen-touareg-2014\/#primaryimage"},"thumbnailUrl":"https:\/\/digilago.es\/autoimport\/wp-content\/uploads\/sites\/41\/2026\/04\/www.jpg","datePublished":"2026-04-07T07:17:15+00:00","dateModified":"2026-04-10T07:57:00+00:00","breadcrumb":{"@id":"https:\/\/digilago.es\/autoimport\/producto\/volkswagen-touareg-2014\/#breadcrumb"},"inLanguage":"es","potentialAction":[{"@type":"ReadAction","target":["https:\/\/digilago.es\/autoimport\/producto\/volkswagen-touareg-2014\/"]}]},{"@type":"ImageObject","inLanguage":"es","@id":"https:\/\/digilago.es\/autoimport\/producto\/volkswagen-touareg-2014\/#primaryimage","url":"https:\/\/digilago.es\/autoimport\/wp-content\/uploads\/sites\/41\/2026\/04\/www.jpg","contentUrl":"https:\/\/digilago.es\/autoimport\/wp-content\/uploads\/sites\/41\/2026\/04\/www.jpg","width":1130,"height":732,"caption":"coches alemania"},{"@type":"BreadcrumbList","@id":"https:\/\/digilago.es\/autoimport\/producto\/volkswagen-touareg-2014\/#breadcrumb","itemListElement":[{"@type":"ListItem","position":1,"name":"Portada","item":"https:\/\/digilago.es\/autoimport\/"},{"@type":"ListItem","position":2,"name":"Tienda","item":"https:\/\/digilago.es\/autoimport\/tienda\/"},{"@type":"ListItem","position":3,"name":"Volkswagen Touareg &#8216;2014"}]},{"@type":"WebSite","@id":"https:\/\/digilago.es\/autoimport\/#website","url":"https:\/\/digilago.es\/autoimport\/","name":"Autoimport","description":"","potentialAction":[{"@type":"SearchAction","target":{"@type":"EntryPoint","urlTemplate":"https:\/\/digilago.es\/autoimport\/?s={search_term_string}"},"query-input":{"@type":"PropertyValueSpecification","valueRequired":true,"valueName":"search_term_string"}}],"inLanguage":"es"}]}},"_links":{"self":[{"href":"https:\/\/digilago.es\/autoimport\/wp-json\/wp\/v2\/product\/178","targetHints":{"allow":["GET"]}}],"collection":[{"href":"https:\/\/digilago.es\/autoimport\/wp-json\/wp\/v2\/product"}],"about":[{"href":"https:\/\/digilago.es\/autoimport\/wp-json\/wp\/v2\/types\/product"}],"replies":[{"embeddable":true,"href":"https:\/\/digilago.es\/autoimport\/wp-json\/wp\/v2\/comments?post=178"}],"wp:featuredmedia":[{"embeddable":true,"href":"https:\/\/digilago.es\/autoimport\/wp-json\/wp\/v2\/media\/179"}],"wp:attachment":[{"href":"https:\/\/digilago.es\/autoimport\/wp-json\/wp\/v2\/media?parent=178"}],"wp:term":[{"taxonomy":"product_brand","embeddable":true,"href":"https:\/\/digilago.es\/autoimport\/wp-json\/wp\/v2\/product_brand?post=178"},{"taxonomy":"product_cat","embeddable":true,"href":"https:\/\/digilago.es\/autoimport\/wp-json\/wp\/v2\/product_cat?post=178"},{"taxonomy":"product_tag","embeddable":true,"href":"https:\/\/digilago.es\/autoimport\/wp-json\/wp\/v2\/product_tag?post=178"}],"curies":[{"name":"wp","href":"https:\/\/api.w.org\/{rel}","templated":true}]}}