{"id":172,"date":"2026-03-24T11:05:56","date_gmt":"2026-03-24T10:05:56","guid":{"rendered":"https:\/\/digilago.es\/autoimport\/?post_type=product&#038;p=172"},"modified":"2026-03-24T12:38:30","modified_gmt":"2026-03-24T11:38:30","slug":"audi-a3-2017","status":"publish","type":"product","link":"https:\/\/digilago.es\/autoimport\/producto\/audi-a3-2017\/","title":{"rendered":"Audi A3 2017"},"content":{"rendered":"<ul class=\"list-entry data-list\">\n<li>\n<pre><strong>A\u00f1o: 2017<\/strong><\/pre>\n<\/li>\n<li>\n<pre><strong>Kil\u00f3metros: 158000 km<\/strong><\/pre>\n<\/li>\n<li>\n<pre><strong>Potencia: 150 CV<\/strong><\/pre>\n<\/li>\n<li>\n<pre><strong>Caja de cambios: Autom\u00e1tico<\/strong><\/pre>\n<\/li>\n<li>\n<pre><strong>Combustible: Gasolina<\/strong><\/pre>\n<\/li>\n<li>\n<pre><strong>Carrocer\u00eda: Turismo<\/strong><\/pre>\n<\/li>\n<li>\n<pre><strong>Puertas: 4<\/strong><\/pre>\n<\/li>\n<li>\n<pre><strong>Condici\u00f3n: venta en stock\r\n\r\n<\/strong><\/pre>\n<p>Equipamiento<\/p>\n<p>Aire acondicionado autom\u00e1tico, Techo panor\u00e1mico, Asiento el\u00e9ctrico, Faros Bi-xen\u00f3n, Calefacci\u00f3n de asiento, Ordenador de a bordo, Sistema de tracci\u00f3n y programa electr\u00f3nico de estabilidad.<\/li>\n<\/ul>\n","protected":false},"excerpt":{"rendered":"<p>A\u00f1o: 2017 Kil\u00f3metros: 158000 km Potencia: 150 CV Caja de cambios: Autom\u00e1tico Combustible: Gasolina Carrocer\u00eda: Turismo Puertas: 4 Condici\u00f3n: venta en stock Equipamiento Aire acondicionado autom\u00e1tico, Techo panor\u00e1mico, Asiento el\u00e9ctrico, Faros Bi-xen\u00f3n, Calefacci\u00f3n de asiento, Ordenador de a bordo, Sistema de tracci\u00f3n y programa electr\u00f3nico de estabilidad.<\/p>\n","protected":false},"featured_media":173,"comment_status":"open","ping_status":"closed","template":"","meta":[],"product_brand":[],"product_cat":[21],"product_tag":[],"class_list":{"0":"post-172","1":"product","2":"type-product","3":"status-publish","4":"has-post-thumbnail","6":"product_cat-audi","8":"first","9":"instock","10":"taxable","11":"shipping-taxable","12":"product-type-simple"},"yoast_head":"<!-- This site is optimized with the Yoast SEO plugin v26.8 - https:\/\/yoast.com\/product\/yoast-seo-wordpress\/ -->\n<title>Audi A3 2017 - Autoimport<\/title>\n<meta name=\"robots\" content=\"index, follow, max-snippet:-1, max-image-preview:large, max-video-preview:-1\" \/>\n<link rel=\"canonical\" href=\"https:\/\/digilago.es\/autoimport\/producto\/audi-a3-2017\/\" \/>\n<meta property=\"og:locale\" content=\"es_ES\" \/>\n<meta property=\"og:type\" content=\"article\" \/>\n<meta property=\"og:title\" content=\"Audi A3 2017 - Autoimport\" \/>\n<meta property=\"og:description\" content=\"A\u00f1o: 2017 Kil\u00f3metros: 158000 km Potencia: 150 CV Caja de cambios: Autom\u00e1tico Combustible: Gasolina Carrocer\u00eda: Turismo Puertas: 4 Condici\u00f3n: venta en stock Equipamiento Aire acondicionado autom\u00e1tico, Techo panor\u00e1mico, Asiento el\u00e9ctrico, Faros Bi-xen\u00f3n, Calefacci\u00f3n de asiento, Ordenador de a bordo, Sistema de tracci\u00f3n y programa electr\u00f3nico de estabilidad.\" \/>\n<meta property=\"og:url\" content=\"https:\/\/digilago.es\/autoimport\/producto\/audi-a3-2017\/\" \/>\n<meta property=\"og:site_name\" content=\"Autoimport\" \/>\n<meta property=\"article:modified_time\" content=\"2026-03-24T11:38:30+00:00\" \/>\n<meta property=\"og:image\" content=\"https:\/\/digilago.es\/autoimport\/wp-content\/uploads\/sites\/41\/2026\/03\/69b3c43ac7c81.jpg\" \/>\n\t<meta property=\"og:image:width\" content=\"1130\" \/>\n\t<meta property=\"og:image:height\" content=\"716\" \/>\n\t<meta property=\"og:image:type\" content=\"image\/jpeg\" \/>\n<meta name=\"twitter:card\" content=\"summary_large_image\" \/>\n<meta name=\"twitter:label1\" content=\"Tiempo de lectura\" \/>\n\t<meta name=\"twitter:data1\" content=\"1 minuto\" \/>\n<script type=\"application\/ld+json\" class=\"yoast-schema-graph\">{\"@context\":\"https:\/\/schema.org\",\"@graph\":[{\"@type\":\"WebPage\",\"@id\":\"https:\/\/digilago.es\/autoimport\/producto\/audi-a3-2017\/\",\"url\":\"https:\/\/digilago.es\/autoimport\/producto\/audi-a3-2017\/\",\"name\":\"Audi A3 2017 - Autoimport\",\"isPartOf\":{\"@id\":\"https:\/\/digilago.es\/autoimport\/#website\"},\"primaryImageOfPage\":{\"@id\":\"https:\/\/digilago.es\/autoimport\/producto\/audi-a3-2017\/#primaryimage\"},\"image\":{\"@id\":\"https:\/\/digilago.es\/autoimport\/producto\/audi-a3-2017\/#primaryimage\"},\"thumbnailUrl\":\"https:\/\/digilago.es\/autoimport\/wp-content\/uploads\/sites\/41\/2026\/03\/69b3c43ac7c81.jpg\",\"datePublished\":\"2026-03-24T10:05:56+00:00\",\"dateModified\":\"2026-03-24T11:38:30+00:00\",\"breadcrumb\":{\"@id\":\"https:\/\/digilago.es\/autoimport\/producto\/audi-a3-2017\/#breadcrumb\"},\"inLanguage\":\"es\",\"potentialAction\":[{\"@type\":\"ReadAction\",\"target\":[\"https:\/\/digilago.es\/autoimport\/producto\/audi-a3-2017\/\"]}]},{\"@type\":\"ImageObject\",\"inLanguage\":\"es\",\"@id\":\"https:\/\/digilago.es\/autoimport\/producto\/audi-a3-2017\/#primaryimage\",\"url\":\"https:\/\/digilago.es\/autoimport\/wp-content\/uploads\/sites\/41\/2026\/03\/69b3c43ac7c81.jpg\",\"contentUrl\":\"https:\/\/digilago.es\/autoimport\/wp-content\/uploads\/sites\/41\/2026\/03\/69b3c43ac7c81.jpg\",\"width\":1130,\"height\":716},{\"@type\":\"BreadcrumbList\",\"@id\":\"https:\/\/digilago.es\/autoimport\/producto\/audi-a3-2017\/#breadcrumb\",\"itemListElement\":[{\"@type\":\"ListItem\",\"position\":1,\"name\":\"Portada\",\"item\":\"https:\/\/digilago.es\/autoimport\/\"},{\"@type\":\"ListItem\",\"position\":2,\"name\":\"Tienda\",\"item\":\"https:\/\/digilago.es\/autoimport\/tienda\/\"},{\"@type\":\"ListItem\",\"position\":3,\"name\":\"Audi A3 2017\"}]},{\"@type\":\"WebSite\",\"@id\":\"https:\/\/digilago.es\/autoimport\/#website\",\"url\":\"https:\/\/digilago.es\/autoimport\/\",\"name\":\"Autoimport\",\"description\":\"\",\"potentialAction\":[{\"@type\":\"SearchAction\",\"target\":{\"@type\":\"EntryPoint\",\"urlTemplate\":\"https:\/\/digilago.es\/autoimport\/?s={search_term_string}\"},\"query-input\":{\"@type\":\"PropertyValueSpecification\",\"valueRequired\":true,\"valueName\":\"search_term_string\"}}],\"inLanguage\":\"es\"}]}<\/script>\n<!-- \/ Yoast SEO plugin. -->","yoast_head_json":{"title":"Audi A3 2017 - Autoimport","robots":{"index":"index","follow":"follow","max-snippet":"max-snippet:-1","max-image-preview":"max-image-preview:large","max-video-preview":"max-video-preview:-1"},"canonical":"https:\/\/digilago.es\/autoimport\/producto\/audi-a3-2017\/","og_locale":"es_ES","og_type":"article","og_title":"Audi A3 2017 - Autoimport","og_description":"A\u00f1o: 2017 Kil\u00f3metros: 158000 km Potencia: 150 CV Caja de cambios: Autom\u00e1tico Combustible: Gasolina Carrocer\u00eda: Turismo Puertas: 4 Condici\u00f3n: venta en stock Equipamiento Aire acondicionado autom\u00e1tico, Techo panor\u00e1mico, Asiento el\u00e9ctrico, Faros Bi-xen\u00f3n, Calefacci\u00f3n de asiento, Ordenador de a bordo, Sistema de tracci\u00f3n y programa electr\u00f3nico de estabilidad.","og_url":"https:\/\/digilago.es\/autoimport\/producto\/audi-a3-2017\/","og_site_name":"Autoimport","article_modified_time":"2026-03-24T11:38:30+00:00","og_image":[{"width":1130,"height":716,"url":"https:\/\/digilago.es\/autoimport\/wp-content\/uploads\/sites\/41\/2026\/03\/69b3c43ac7c81.jpg","type":"image\/jpeg"}],"twitter_card":"summary_large_image","twitter_misc":{"Tiempo de lectura":"1 minuto"},"schema":{"@context":"https:\/\/schema.org","@graph":[{"@type":"WebPage","@id":"https:\/\/digilago.es\/autoimport\/producto\/audi-a3-2017\/","url":"https:\/\/digilago.es\/autoimport\/producto\/audi-a3-2017\/","name":"Audi A3 2017 - Autoimport","isPartOf":{"@id":"https:\/\/digilago.es\/autoimport\/#website"},"primaryImageOfPage":{"@id":"https:\/\/digilago.es\/autoimport\/producto\/audi-a3-2017\/#primaryimage"},"image":{"@id":"https:\/\/digilago.es\/autoimport\/producto\/audi-a3-2017\/#primaryimage"},"thumbnailUrl":"https:\/\/digilago.es\/autoimport\/wp-content\/uploads\/sites\/41\/2026\/03\/69b3c43ac7c81.jpg","datePublished":"2026-03-24T10:05:56+00:00","dateModified":"2026-03-24T11:38:30+00:00","breadcrumb":{"@id":"https:\/\/digilago.es\/autoimport\/producto\/audi-a3-2017\/#breadcrumb"},"inLanguage":"es","potentialAction":[{"@type":"ReadAction","target":["https:\/\/digilago.es\/autoimport\/producto\/audi-a3-2017\/"]}]},{"@type":"ImageObject","inLanguage":"es","@id":"https:\/\/digilago.es\/autoimport\/producto\/audi-a3-2017\/#primaryimage","url":"https:\/\/digilago.es\/autoimport\/wp-content\/uploads\/sites\/41\/2026\/03\/69b3c43ac7c81.jpg","contentUrl":"https:\/\/digilago.es\/autoimport\/wp-content\/uploads\/sites\/41\/2026\/03\/69b3c43ac7c81.jpg","width":1130,"height":716},{"@type":"BreadcrumbList","@id":"https:\/\/digilago.es\/autoimport\/producto\/audi-a3-2017\/#breadcrumb","itemListElement":[{"@type":"ListItem","position":1,"name":"Portada","item":"https:\/\/digilago.es\/autoimport\/"},{"@type":"ListItem","position":2,"name":"Tienda","item":"https:\/\/digilago.es\/autoimport\/tienda\/"},{"@type":"ListItem","position":3,"name":"Audi A3 2017"}]},{"@type":"WebSite","@id":"https:\/\/digilago.es\/autoimport\/#website","url":"https:\/\/digilago.es\/autoimport\/","name":"Autoimport","description":"","potentialAction":[{"@type":"SearchAction","target":{"@type":"EntryPoint","urlTemplate":"https:\/\/digilago.es\/autoimport\/?s={search_term_string}"},"query-input":{"@type":"PropertyValueSpecification","valueRequired":true,"valueName":"search_term_string"}}],"inLanguage":"es"}]}},"_links":{"self":[{"href":"https:\/\/digilago.es\/autoimport\/wp-json\/wp\/v2\/product\/172","targetHints":{"allow":["GET"]}}],"collection":[{"href":"https:\/\/digilago.es\/autoimport\/wp-json\/wp\/v2\/product"}],"about":[{"href":"https:\/\/digilago.es\/autoimport\/wp-json\/wp\/v2\/types\/product"}],"replies":[{"embeddable":true,"href":"https:\/\/digilago.es\/autoimport\/wp-json\/wp\/v2\/comments?post=172"}],"wp:featuredmedia":[{"embeddable":true,"href":"https:\/\/digilago.es\/autoimport\/wp-json\/wp\/v2\/media\/173"}],"wp:attachment":[{"href":"https:\/\/digilago.es\/autoimport\/wp-json\/wp\/v2\/media?parent=172"}],"wp:term":[{"taxonomy":"product_brand","embeddable":true,"href":"https:\/\/digilago.es\/autoimport\/wp-json\/wp\/v2\/product_brand?post=172"},{"taxonomy":"product_cat","embeddable":true,"href":"https:\/\/digilago.es\/autoimport\/wp-json\/wp\/v2\/product_cat?post=172"},{"taxonomy":"product_tag","embeddable":true,"href":"https:\/\/digilago.es\/autoimport\/wp-json\/wp\/v2\/product_tag?post=172"}],"curies":[{"name":"wp","href":"https:\/\/api.w.org\/{rel}","templated":true}]}}