{"id":34,"date":"2026-01-28T10:29:23","date_gmt":"2026-01-28T09:29:23","guid":{"rendered":"https:\/\/digilago.es\/autoimport\/?page_id=34"},"modified":"2026-02-19T11:56:03","modified_gmt":"2026-02-19T10:56:03","slug":"quienes-somos","status":"publish","type":"page","link":"https:\/\/digilago.es\/autoimport\/quienes-somos\/","title":{"rendered":"quienes somos"},"content":{"rendered":"\n<p>Somos una empresa que se especializa en el sector de la importaci\u00f3n de veh\u00edculos alemanes.<\/p>\n\n\n\n<p>Tenemos un sistema de compra seguro y depurado para poder hacer la mejor adquisici\u00f3n. Nuestra prioridad es ofrecer a los clientes un producto de calidad, un veh\u00edculo revisado en su totalidad,&nbsp; con garant\u00eda y con un historial detallado. Siempre con informaci\u00f3n&nbsp; rigurosa y completa.<\/p>\n\n\n\n<p>Si est\u00e1 ya cansado de encontrarse con empresas poco profesionales, con t\u00e9cnicas dudosas, queremos ofrecerle nuestro servicio Premium, excelentemente valorado por nuestros clientes.<\/p>\n\n\n\n<p>El trato con cada cliente es personalizado, de manera que se consigue un veh\u00edculo adaptado a las necesidades y criterios personales de cada uno. Somos una empresa flexible que escucha los requerimientos del cliente.<br>Con nosotros tendr\u00e1 los mejores profesionales a su disposici\u00f3n para que su compra sea segura, evitando riesgos y exposiciones innecesarias, que garanticen su tranquilidad.<\/p>\n\n\n\n<p>Buena informaci\u00f3n y buen trato para hacer una compra tranquila y segura. Conf\u00ede en autimport.<\/p>\n\n\n\n<figure class=\"wp-block-image size-large\"><img fetchpriority=\"high\" decoding=\"async\" width=\"1024\" height=\"608\" src=\"https:\/\/digilago.es\/autoimport\/wp-content\/uploads\/sites\/41\/2026\/02\/importar-coche-de-alemania-1024x608.jpg\" alt=\"importar  coches alemanes en espa\u00f1a\" class=\"wp-image-65\" srcset=\"https:\/\/digilago.es\/autoimport\/wp-content\/uploads\/sites\/41\/2026\/02\/importar-coche-de-alemania-1024x608.jpg 1024w, https:\/\/digilago.es\/autoimport\/wp-content\/uploads\/sites\/41\/2026\/02\/importar-coche-de-alemania-300x178.jpg 300w, https:\/\/digilago.es\/autoimport\/wp-content\/uploads\/sites\/41\/2026\/02\/importar-coche-de-alemania-768x456.jpg 768w, https:\/\/digilago.es\/autoimport\/wp-content\/uploads\/sites\/41\/2026\/02\/importar-coche-de-alemania-600x356.jpg 600w, https:\/\/digilago.es\/autoimport\/wp-content\/uploads\/sites\/41\/2026\/02\/importar-coche-de-alemania.jpg 1500w\" sizes=\"(max-width: 1024px) 100vw, 1024px\" \/><figcaption class=\"wp-element-caption\">importar  coches alemanes en espa\u00f1a<\/figcaption><\/figure>\n\n\n\n<p><\/p>\n","protected":false},"excerpt":{"rendered":"<p>Somos una empresa que se especializa en el sector de la importaci\u00f3n de veh\u00edculos alemanes. Tenemos un sistema de compra seguro y depurado para poder hacer la mejor adquisici\u00f3n. Nuestra prioridad es ofrecer a los clientes un producto de calidad, un veh\u00edculo revisado en su totalidad,&nbsp; con garant\u00eda y con un historial detallado. Siempre con [&hellip;]<\/p>\n","protected":false},"author":121,"featured_media":0,"parent":0,"menu_order":0,"comment_status":"closed","ping_status":"closed","template":"","meta":{"footnotes":""},"class_list":["post-34","page","type-page","status-publish","hentry"],"yoast_head":"<!-- This site is optimized with the Yoast SEO plugin v26.8 - https:\/\/yoast.com\/product\/yoast-seo-wordpress\/ -->\n<title>quienes somos - Autoimport<\/title>\n<meta name=\"robots\" content=\"index, follow, max-snippet:-1, max-image-preview:large, max-video-preview:-1\" \/>\n<link rel=\"canonical\" href=\"https:\/\/digilago.es\/autoimport\/quienes-somos\/\" \/>\n<meta property=\"og:locale\" content=\"es_ES\" \/>\n<meta property=\"og:type\" content=\"article\" \/>\n<meta property=\"og:title\" content=\"quienes somos - Autoimport\" \/>\n<meta property=\"og:description\" content=\"Somos una empresa que se especializa en el sector de la importaci\u00f3n de veh\u00edculos alemanes. Tenemos un sistema de compra seguro y depurado para poder hacer la mejor adquisici\u00f3n. Nuestra prioridad es ofrecer a los clientes un producto de calidad, un veh\u00edculo revisado en su totalidad,&nbsp; con garant\u00eda y con un historial detallado. Siempre con [&hellip;]\" \/>\n<meta property=\"og:url\" content=\"https:\/\/digilago.es\/autoimport\/quienes-somos\/\" \/>\n<meta property=\"og:site_name\" content=\"Autoimport\" \/>\n<meta property=\"article:modified_time\" content=\"2026-02-19T10:56:03+00:00\" \/>\n<meta property=\"og:image\" content=\"https:\/\/digilago.es\/autoimport\/wp-content\/uploads\/sites\/41\/2026\/02\/importar-coche-de-alemania.jpg\" \/>\n\t<meta property=\"og:image:width\" content=\"1500\" \/>\n\t<meta property=\"og:image:height\" content=\"890\" \/>\n\t<meta property=\"og:image:type\" content=\"image\/jpeg\" \/>\n<meta name=\"twitter:card\" content=\"summary_large_image\" \/>\n<meta name=\"twitter:label1\" content=\"Tiempo de lectura\" \/>\n\t<meta name=\"twitter:data1\" content=\"1 minuto\" \/>\n<script type=\"application\/ld+json\" class=\"yoast-schema-graph\">{\"@context\":\"https:\/\/schema.org\",\"@graph\":[{\"@type\":\"WebPage\",\"@id\":\"https:\/\/digilago.es\/autoimport\/quienes-somos\/\",\"url\":\"https:\/\/digilago.es\/autoimport\/quienes-somos\/\",\"name\":\"quienes somos - Autoimport\",\"isPartOf\":{\"@id\":\"https:\/\/digilago.es\/autoimport\/#website\"},\"primaryImageOfPage\":{\"@id\":\"https:\/\/digilago.es\/autoimport\/quienes-somos\/#primaryimage\"},\"image\":{\"@id\":\"https:\/\/digilago.es\/autoimport\/quienes-somos\/#primaryimage\"},\"thumbnailUrl\":\"https:\/\/digilago.es\/autoimport\/wp-content\/uploads\/sites\/41\/2026\/02\/importar-coche-de-alemania-1024x608.jpg\",\"datePublished\":\"2026-01-28T09:29:23+00:00\",\"dateModified\":\"2026-02-19T10:56:03+00:00\",\"breadcrumb\":{\"@id\":\"https:\/\/digilago.es\/autoimport\/quienes-somos\/#breadcrumb\"},\"inLanguage\":\"es\",\"potentialAction\":[{\"@type\":\"ReadAction\",\"target\":[\"https:\/\/digilago.es\/autoimport\/quienes-somos\/\"]}]},{\"@type\":\"ImageObject\",\"inLanguage\":\"es\",\"@id\":\"https:\/\/digilago.es\/autoimport\/quienes-somos\/#primaryimage\",\"url\":\"https:\/\/digilago.es\/autoimport\/wp-content\/uploads\/sites\/41\/2026\/02\/importar-coche-de-alemania.jpg\",\"contentUrl\":\"https:\/\/digilago.es\/autoimport\/wp-content\/uploads\/sites\/41\/2026\/02\/importar-coche-de-alemania.jpg\",\"width\":1500,\"height\":890,\"caption\":\"importar coches alemanes en espa\u00f1a\"},{\"@type\":\"BreadcrumbList\",\"@id\":\"https:\/\/digilago.es\/autoimport\/quienes-somos\/#breadcrumb\",\"itemListElement\":[{\"@type\":\"ListItem\",\"position\":1,\"name\":\"Portada\",\"item\":\"https:\/\/digilago.es\/autoimport\/\"},{\"@type\":\"ListItem\",\"position\":2,\"name\":\"quienes somos\"}]},{\"@type\":\"WebSite\",\"@id\":\"https:\/\/digilago.es\/autoimport\/#website\",\"url\":\"https:\/\/digilago.es\/autoimport\/\",\"name\":\"Autoimport\",\"description\":\"\",\"potentialAction\":[{\"@type\":\"SearchAction\",\"target\":{\"@type\":\"EntryPoint\",\"urlTemplate\":\"https:\/\/digilago.es\/autoimport\/?s={search_term_string}\"},\"query-input\":{\"@type\":\"PropertyValueSpecification\",\"valueRequired\":true,\"valueName\":\"search_term_string\"}}],\"inLanguage\":\"es\"}]}<\/script>\n<!-- \/ Yoast SEO plugin. -->","yoast_head_json":{"title":"quienes somos - Autoimport","robots":{"index":"index","follow":"follow","max-snippet":"max-snippet:-1","max-image-preview":"max-image-preview:large","max-video-preview":"max-video-preview:-1"},"canonical":"https:\/\/digilago.es\/autoimport\/quienes-somos\/","og_locale":"es_ES","og_type":"article","og_title":"quienes somos - Autoimport","og_description":"Somos una empresa que se especializa en el sector de la importaci\u00f3n de veh\u00edculos alemanes. Tenemos un sistema de compra seguro y depurado para poder hacer la mejor adquisici\u00f3n. Nuestra prioridad es ofrecer a los clientes un producto de calidad, un veh\u00edculo revisado en su totalidad,&nbsp; con garant\u00eda y con un historial detallado. Siempre con [&hellip;]","og_url":"https:\/\/digilago.es\/autoimport\/quienes-somos\/","og_site_name":"Autoimport","article_modified_time":"2026-02-19T10:56:03+00:00","og_image":[{"width":1500,"height":890,"url":"https:\/\/digilago.es\/autoimport\/wp-content\/uploads\/sites\/41\/2026\/02\/importar-coche-de-alemania.jpg","type":"image\/jpeg"}],"twitter_card":"summary_large_image","twitter_misc":{"Tiempo de lectura":"1 minuto"},"schema":{"@context":"https:\/\/schema.org","@graph":[{"@type":"WebPage","@id":"https:\/\/digilago.es\/autoimport\/quienes-somos\/","url":"https:\/\/digilago.es\/autoimport\/quienes-somos\/","name":"quienes somos - Autoimport","isPartOf":{"@id":"https:\/\/digilago.es\/autoimport\/#website"},"primaryImageOfPage":{"@id":"https:\/\/digilago.es\/autoimport\/quienes-somos\/#primaryimage"},"image":{"@id":"https:\/\/digilago.es\/autoimport\/quienes-somos\/#primaryimage"},"thumbnailUrl":"https:\/\/digilago.es\/autoimport\/wp-content\/uploads\/sites\/41\/2026\/02\/importar-coche-de-alemania-1024x608.jpg","datePublished":"2026-01-28T09:29:23+00:00","dateModified":"2026-02-19T10:56:03+00:00","breadcrumb":{"@id":"https:\/\/digilago.es\/autoimport\/quienes-somos\/#breadcrumb"},"inLanguage":"es","potentialAction":[{"@type":"ReadAction","target":["https:\/\/digilago.es\/autoimport\/quienes-somos\/"]}]},{"@type":"ImageObject","inLanguage":"es","@id":"https:\/\/digilago.es\/autoimport\/quienes-somos\/#primaryimage","url":"https:\/\/digilago.es\/autoimport\/wp-content\/uploads\/sites\/41\/2026\/02\/importar-coche-de-alemania.jpg","contentUrl":"https:\/\/digilago.es\/autoimport\/wp-content\/uploads\/sites\/41\/2026\/02\/importar-coche-de-alemania.jpg","width":1500,"height":890,"caption":"importar coches alemanes en espa\u00f1a"},{"@type":"BreadcrumbList","@id":"https:\/\/digilago.es\/autoimport\/quienes-somos\/#breadcrumb","itemListElement":[{"@type":"ListItem","position":1,"name":"Portada","item":"https:\/\/digilago.es\/autoimport\/"},{"@type":"ListItem","position":2,"name":"quienes somos"}]},{"@type":"WebSite","@id":"https:\/\/digilago.es\/autoimport\/#website","url":"https:\/\/digilago.es\/autoimport\/","name":"Autoimport","description":"","potentialAction":[{"@type":"SearchAction","target":{"@type":"EntryPoint","urlTemplate":"https:\/\/digilago.es\/autoimport\/?s={search_term_string}"},"query-input":{"@type":"PropertyValueSpecification","valueRequired":true,"valueName":"search_term_string"}}],"inLanguage":"es"}]}},"_links":{"self":[{"href":"https:\/\/digilago.es\/autoimport\/wp-json\/wp\/v2\/pages\/34","targetHints":{"allow":["GET"]}}],"collection":[{"href":"https:\/\/digilago.es\/autoimport\/wp-json\/wp\/v2\/pages"}],"about":[{"href":"https:\/\/digilago.es\/autoimport\/wp-json\/wp\/v2\/types\/page"}],"author":[{"embeddable":true,"href":"https:\/\/digilago.es\/autoimport\/wp-json\/wp\/v2\/users\/121"}],"replies":[{"embeddable":true,"href":"https:\/\/digilago.es\/autoimport\/wp-json\/wp\/v2\/comments?post=34"}],"version-history":[{"count":4,"href":"https:\/\/digilago.es\/autoimport\/wp-json\/wp\/v2\/pages\/34\/revisions"}],"predecessor-version":[{"id":69,"href":"https:\/\/digilago.es\/autoimport\/wp-json\/wp\/v2\/pages\/34\/revisions\/69"}],"wp:attachment":[{"href":"https:\/\/digilago.es\/autoimport\/wp-json\/wp\/v2\/media?parent=34"}],"curies":[{"name":"wp","href":"https:\/\/api.w.org\/{rel}","templated":true}]}}