{"id":32,"date":"2026-01-28T10:28:47","date_gmt":"2026-01-28T09:28:47","guid":{"rendered":"https:\/\/digilago.es\/autoimport\/?page_id=32"},"modified":"2026-02-24T09:17:18","modified_gmt":"2026-02-24T08:17:18","slug":"inicio","status":"publish","type":"page","link":"https:\/\/digilago.es\/autoimport\/inicio\/","title":{"rendered":"inicio"},"content":{"rendered":"\n<h2 class=\"wp-block-heading\">Tu coche so\u00f1ado m\u00e1s cerca de ti <\/h2>\n\n\n\n<hr class=\"wp-block-separator has-alpha-channel-opacity\" \/>\n\n\n\n<p>En <strong>Autimport<\/strong> eliminamos los riesgos a la hora de importar. No somos simples vendedores; somos tu asesor de confianza en la importaci\u00f3n Alemana. Ya sea que busques un coche de nuestro stock en Espa\u00f1a o prefieras que lo importemos a la carta para ti, nosotros nos encargamos de todo: busqueda del coche deseado, revisi\u00f3n, transporte a espa\u00f1a, ITV, matriculaci\u00f3n y garant\u00eda posventa.<\/p>\n\n\n\n<hr class=\"wp-block-separator has-alpha-channel-opacity\" \/>\n\n\n\n<div class=\"wp-block-buttons is-layout-flex wp-block-buttons-is-layout-flex\">\n<div class=\"wp-block-button\"><a class=\"wp-block-button__link wp-element-button\" href=\"https:\/\/digilago.es\/autoimport\/blog\/\">saber m\u00e1s<\/a><\/div>\n<\/div>\n\n\n\n<p><\/p>\n","protected":false},"excerpt":{"rendered":"<p>Tu coche so\u00f1ado m\u00e1s cerca de ti En Autimport eliminamos los riesgos a la hora de importar. No somos simples vendedores; somos tu asesor de confianza en la importaci\u00f3n Alemana. Ya sea que busques un coche de nuestro stock en Espa\u00f1a o prefieras que lo importemos a la carta para ti, nosotros nos encargamos de [&hellip;]<\/p>\n","protected":false},"author":121,"featured_media":0,"parent":0,"menu_order":0,"comment_status":"closed","ping_status":"closed","template":"","meta":{"footnotes":""},"class_list":["post-32","page","type-page","status-publish","hentry"],"yoast_head":"<!-- This site is optimized with the Yoast SEO plugin v26.8 - https:\/\/yoast.com\/product\/yoast-seo-wordpress\/ -->\n<title>inicio - Autoimport<\/title>\n<meta name=\"robots\" content=\"index, follow, max-snippet:-1, max-image-preview:large, max-video-preview:-1\" \/>\n<link rel=\"canonical\" href=\"https:\/\/digilago.es\/autoimport\/inicio\/\" \/>\n<meta property=\"og:locale\" content=\"es_ES\" \/>\n<meta property=\"og:type\" content=\"article\" \/>\n<meta property=\"og:title\" content=\"inicio - Autoimport\" \/>\n<meta property=\"og:description\" content=\"Tu coche so\u00f1ado m\u00e1s cerca de ti En Autimport eliminamos los riesgos a la hora de importar. No somos simples vendedores; somos tu asesor de confianza en la importaci\u00f3n Alemana. Ya sea que busques un coche de nuestro stock en Espa\u00f1a o prefieras que lo importemos a la carta para ti, nosotros nos encargamos de [&hellip;]\" \/>\n<meta property=\"og:url\" content=\"https:\/\/digilago.es\/autoimport\/inicio\/\" \/>\n<meta property=\"og:site_name\" content=\"Autoimport\" \/>\n<meta property=\"article:modified_time\" content=\"2026-02-24T08:17:18+00:00\" \/>\n<meta name=\"twitter:card\" content=\"summary_large_image\" \/>\n<meta name=\"twitter:label1\" content=\"Tiempo de lectura\" \/>\n\t<meta name=\"twitter:data1\" content=\"1 minuto\" \/>\n<script type=\"application\/ld+json\" class=\"yoast-schema-graph\">{\"@context\":\"https:\/\/schema.org\",\"@graph\":[{\"@type\":\"WebPage\",\"@id\":\"https:\/\/digilago.es\/autoimport\/inicio\/\",\"url\":\"https:\/\/digilago.es\/autoimport\/inicio\/\",\"name\":\"inicio - Autoimport\",\"isPartOf\":{\"@id\":\"https:\/\/digilago.es\/autoimport\/#website\"},\"datePublished\":\"2026-01-28T09:28:47+00:00\",\"dateModified\":\"2026-02-24T08:17:18+00:00\",\"breadcrumb\":{\"@id\":\"https:\/\/digilago.es\/autoimport\/inicio\/#breadcrumb\"},\"inLanguage\":\"es\",\"potentialAction\":[{\"@type\":\"ReadAction\",\"target\":[\"https:\/\/digilago.es\/autoimport\/inicio\/\"]}]},{\"@type\":\"BreadcrumbList\",\"@id\":\"https:\/\/digilago.es\/autoimport\/inicio\/#breadcrumb\",\"itemListElement\":[{\"@type\":\"ListItem\",\"position\":1,\"name\":\"Portada\",\"item\":\"https:\/\/digilago.es\/autoimport\/\"},{\"@type\":\"ListItem\",\"position\":2,\"name\":\"inicio\"}]},{\"@type\":\"WebSite\",\"@id\":\"https:\/\/digilago.es\/autoimport\/#website\",\"url\":\"https:\/\/digilago.es\/autoimport\/\",\"name\":\"Autoimport\",\"description\":\"\",\"potentialAction\":[{\"@type\":\"SearchAction\",\"target\":{\"@type\":\"EntryPoint\",\"urlTemplate\":\"https:\/\/digilago.es\/autoimport\/?s={search_term_string}\"},\"query-input\":{\"@type\":\"PropertyValueSpecification\",\"valueRequired\":true,\"valueName\":\"search_term_string\"}}],\"inLanguage\":\"es\"}]}<\/script>\n<!-- \/ Yoast SEO plugin. -->","yoast_head_json":{"title":"inicio - Autoimport","robots":{"index":"index","follow":"follow","max-snippet":"max-snippet:-1","max-image-preview":"max-image-preview:large","max-video-preview":"max-video-preview:-1"},"canonical":"https:\/\/digilago.es\/autoimport\/inicio\/","og_locale":"es_ES","og_type":"article","og_title":"inicio - Autoimport","og_description":"Tu coche so\u00f1ado m\u00e1s cerca de ti En Autimport eliminamos los riesgos a la hora de importar. No somos simples vendedores; somos tu asesor de confianza en la importaci\u00f3n Alemana. Ya sea que busques un coche de nuestro stock en Espa\u00f1a o prefieras que lo importemos a la carta para ti, nosotros nos encargamos de [&hellip;]","og_url":"https:\/\/digilago.es\/autoimport\/inicio\/","og_site_name":"Autoimport","article_modified_time":"2026-02-24T08:17:18+00:00","twitter_card":"summary_large_image","twitter_misc":{"Tiempo de lectura":"1 minuto"},"schema":{"@context":"https:\/\/schema.org","@graph":[{"@type":"WebPage","@id":"https:\/\/digilago.es\/autoimport\/inicio\/","url":"https:\/\/digilago.es\/autoimport\/inicio\/","name":"inicio - Autoimport","isPartOf":{"@id":"https:\/\/digilago.es\/autoimport\/#website"},"datePublished":"2026-01-28T09:28:47+00:00","dateModified":"2026-02-24T08:17:18+00:00","breadcrumb":{"@id":"https:\/\/digilago.es\/autoimport\/inicio\/#breadcrumb"},"inLanguage":"es","potentialAction":[{"@type":"ReadAction","target":["https:\/\/digilago.es\/autoimport\/inicio\/"]}]},{"@type":"BreadcrumbList","@id":"https:\/\/digilago.es\/autoimport\/inicio\/#breadcrumb","itemListElement":[{"@type":"ListItem","position":1,"name":"Portada","item":"https:\/\/digilago.es\/autoimport\/"},{"@type":"ListItem","position":2,"name":"inicio"}]},{"@type":"WebSite","@id":"https:\/\/digilago.es\/autoimport\/#website","url":"https:\/\/digilago.es\/autoimport\/","name":"Autoimport","description":"","potentialAction":[{"@type":"SearchAction","target":{"@type":"EntryPoint","urlTemplate":"https:\/\/digilago.es\/autoimport\/?s={search_term_string}"},"query-input":{"@type":"PropertyValueSpecification","valueRequired":true,"valueName":"search_term_string"}}],"inLanguage":"es"}]}},"_links":{"self":[{"href":"https:\/\/digilago.es\/autoimport\/wp-json\/wp\/v2\/pages\/32","targetHints":{"allow":["GET"]}}],"collection":[{"href":"https:\/\/digilago.es\/autoimport\/wp-json\/wp\/v2\/pages"}],"about":[{"href":"https:\/\/digilago.es\/autoimport\/wp-json\/wp\/v2\/types\/page"}],"author":[{"embeddable":true,"href":"https:\/\/digilago.es\/autoimport\/wp-json\/wp\/v2\/users\/121"}],"replies":[{"embeddable":true,"href":"https:\/\/digilago.es\/autoimport\/wp-json\/wp\/v2\/comments?post=32"}],"version-history":[{"count":2,"href":"https:\/\/digilago.es\/autoimport\/wp-json\/wp\/v2\/pages\/32\/revisions"}],"predecessor-version":[{"id":84,"href":"https:\/\/digilago.es\/autoimport\/wp-json\/wp\/v2\/pages\/32\/revisions\/84"}],"wp:attachment":[{"href":"https:\/\/digilago.es\/autoimport\/wp-json\/wp\/v2\/media?parent=32"}],"curies":[{"name":"wp","href":"https:\/\/api.w.org\/{rel}","templated":true}]}}