{"id":165,"date":"2026-04-07T12:04:02","date_gmt":"2026-04-07T10:04:02","guid":{"rendered":"https:\/\/digilago.es\/aura\/?post_type=product&#038;p=165"},"modified":"2026-04-07T12:08:08","modified_gmt":"2026-04-07T10:08:08","slug":"vestido-star","status":"publish","type":"product","link":"https:\/\/digilago.es\/aura\/producto\/vestido-star\/","title":{"rendered":"Vestido Star"},"content":{"rendered":"<p data-path-to-node=\"4\">Vestido Star corto de dise\u00f1o h\u00edbrido de silueta entallada confeccionado en tres paneles. El modelo combina una base de tejido t\u00e9cnico el\u00e1stico de alta densidad combinado con una superposici\u00f3n de gasa t\u00e9cnica que aporta volumen y contraste de texturas.<\/p>\n<p data-path-to-node=\"4\"><!--more--><\/p>\n<p data-path-to-node=\"5\"><b data-path-to-node=\"5\" data-index-in-node=\"0\">DETALLES T\u00c9CNICOS:<\/b><\/p>\n<ul data-path-to-node=\"6\">\n<li>\n<p data-path-to-node=\"6,0,0\"><b data-path-to-node=\"6,0,0\" data-index-in-node=\"0\">Superior:<\/b> Cuerpo tipo bustier de escote recto con tirantes finos fijos.<\/p>\n<\/li>\n<li>\n<p data-path-to-node=\"6,1,0\"><b data-path-to-node=\"6,1,0\" data-index-in-node=\"0\">Cuerpo:<\/b> Detalle de capa exterior en gasa plisada con efecto abullonado (estilo bubble) y acabado semitransparente.<\/p>\n<\/li>\n<li>\n<p data-path-to-node=\"6,2,0\"><b data-path-to-node=\"6,2,0\" data-index-in-node=\"0\">Inferior:<\/b> Falda de corte mini ajustada con costuras laterales invisibles para un efecto moldeador.<\/p>\n<\/li>\n<li>\n<p data-path-to-node=\"6,3,0\"><b data-path-to-node=\"6,3,0\" data-index-in-node=\"0\">Cierre:<\/b> Cremallera lateral oculta en costura.<\/p>\n<\/li>\n<li>\n<p data-path-to-node=\"6,4,0\"><b data-path-to-node=\"6,4,0\" data-index-in-node=\"0\">Color:<\/b> Amarillo pastel \/ Mantequilla (Tono s\u00f3lido).<\/p>\n<\/li>\n<\/ul>\n<p data-path-to-node=\"7\"><b data-path-to-node=\"7\" data-index-in-node=\"0\">COMPOSICI\u00d3N:<\/b><\/p>\n<ul data-path-to-node=\"8\">\n<li>\n<p data-path-to-node=\"8,0,0\">Exterior 1: 95% Poli\u00e9ster, 5% Elastano.<\/p>\n<\/li>\n<li>\n<p data-path-to-node=\"8,1,0\">Exterior 2 (Gasa): 100% Poli\u00e9ster.<\/p>\n<\/li>\n<li>\n<p data-path-to-node=\"8,2,0\">Forro interior completo en la zona del pecho y falda para evitar transparencias.<\/p>\n<\/li>\n<\/ul>\n<p data-path-to-node=\"9\"><b data-path-to-node=\"9\" data-index-in-node=\"0\">CUIDADOS:<\/b><\/p>\n<ul data-path-to-node=\"10\">\n<li>\n<p data-path-to-node=\"10,0,0\">Lavar a mano en agua fr\u00eda.<\/p>\n<\/li>\n<li>\n<p data-path-to-node=\"10,1,0\">No usar lej\u00eda \/ blanqueador.<\/p>\n<\/li>\n<li>\n<p data-path-to-node=\"10,2,0\">Planchado suave a m\u00e1ximo <b data-path-to-node=\"10,2,0\" data-index-in-node=\"25\">110\u00b0C<\/b> (evitar contacto directo con la gasa).<\/p>\n<\/li>\n<li>\n<p data-path-to-node=\"10,3,0\">No secar en secadora.<\/p>\n<\/li>\n<\/ul>\n","protected":false},"excerpt":{"rendered":"<p>Vestido Star corto de dise\u00f1o h\u00edbrido de silueta entallada confeccionado en tres paneles. El modelo combina una base de tejido [&hellip;]<\/p>\n","protected":false},"featured_media":166,"comment_status":"open","ping_status":"closed","template":"","meta":{"site-sidebar-layout":"default","site-content-layout":"","ast-site-content-layout":"default","site-content-style":"default","site-sidebar-style":"default","ast-global-header-display":"","ast-banner-title-visibility":"","ast-main-header-display":"","ast-hfb-above-header-display":"","ast-hfb-below-header-display":"","ast-hfb-mobile-header-display":"","site-post-title":"","ast-breadcrumbs-content":"","ast-featured-img":"","footer-sml-layout":"","ast-disable-related-posts":"","theme-transparent-header-meta":"default","adv-header-id-meta":"","stick-header-meta":"","header-above-stick-meta":"","header-main-stick-meta":"","header-below-stick-meta":"","astra-migrate-meta-layouts":"set","ast-page-background-enabled":"default","ast-page-background-meta":{"desktop":{"background-color":"var(--ast-global-color-5)","background-image":"","background-repeat":"repeat","background-position":"center center","background-size":"auto","background-attachment":"scroll","background-type":"","background-media":"","overlay-type":"","overlay-color":"","overlay-opacity":"","overlay-gradient":""},"tablet":{"background-color":"","background-image":"","background-repeat":"repeat","background-position":"center center","background-size":"auto","background-attachment":"scroll","background-type":"","background-media":"","overlay-type":"","overlay-color":"","overlay-opacity":"","overlay-gradient":""},"mobile":{"background-color":"","background-image":"","background-repeat":"repeat","background-position":"center center","background-size":"auto","background-attachment":"scroll","background-type":"","background-media":"","overlay-type":"","overlay-color":"","overlay-opacity":"","overlay-gradient":""}},"ast-content-background-meta":{"desktop":{"background-color":"var(--ast-global-color-4)","background-image":"","background-repeat":"repeat","background-position":"center center","background-size":"auto","background-attachment":"scroll","background-type":"","background-media":"","overlay-type":"","overlay-color":"","overlay-opacity":"","overlay-gradient":""},"tablet":{"background-color":"var(--ast-global-color-4)","background-image":"","background-repeat":"repeat","background-position":"center center","background-size":"auto","background-attachment":"scroll","background-type":"","background-media":"","overlay-type":"","overlay-color":"","overlay-opacity":"","overlay-gradient":""},"mobile":{"background-color":"var(--ast-global-color-4)","background-image":"","background-repeat":"repeat","background-position":"center center","background-size":"auto","background-attachment":"scroll","background-type":"","background-media":"","overlay-type":"","overlay-color":"","overlay-opacity":"","overlay-gradient":""}}},"product_brand":[],"product_cat":[15],"product_tag":[],"class_list":{"0":"post-165","1":"product","2":"type-product","3":"status-publish","4":"has-post-thumbnail","6":"product_cat-faldas","7":"desktop-align-left","8":"tablet-align-left","9":"mobile-align-left","11":"first","12":"instock","13":"shipping-taxable","14":"purchasable","15":"product-type-variable"},"yoast_head":"<!-- This site is optimized with the Yoast SEO plugin v26.8 - https:\/\/yoast.com\/product\/yoast-seo-wordpress\/ -->\n<title>Vestido Star -<\/title>\n<meta name=\"robots\" content=\"index, follow, max-snippet:-1, max-image-preview:large, max-video-preview:-1\" \/>\n<link rel=\"canonical\" href=\"https:\/\/digilago.es\/aura\/producto\/vestido-star\/\" \/>\n<meta property=\"og:locale\" content=\"es_ES\" \/>\n<meta property=\"og:type\" content=\"article\" \/>\n<meta property=\"og:title\" content=\"Vestido Star -\" \/>\n<meta property=\"og:description\" content=\"Vestido Star corto de dise\u00f1o h\u00edbrido de silueta entallada confeccionado en tres paneles. El modelo combina una base de tejido [&hellip;]\" \/>\n<meta property=\"og:url\" content=\"https:\/\/digilago.es\/aura\/producto\/vestido-star\/\" \/>\n<meta property=\"article:modified_time\" content=\"2026-04-07T10:08:08+00:00\" \/>\n<meta property=\"og:image\" content=\"https:\/\/digilago.es\/aura\/wp-content\/uploads\/sites\/52\/2026\/04\/Captura-de-pantalla-2026-04-07-a-las-11.01.39.png\" \/>\n\t<meta property=\"og:image:width\" content=\"802\" \/>\n\t<meta property=\"og:image:height\" content=\"1258\" \/>\n\t<meta property=\"og:image:type\" content=\"image\/png\" \/>\n<meta name=\"twitter:card\" content=\"summary_large_image\" \/>\n<meta name=\"twitter:label1\" content=\"Tiempo de lectura\" \/>\n\t<meta name=\"twitter:data1\" content=\"1 minuto\" \/>\n<script type=\"application\/ld+json\" class=\"yoast-schema-graph\">{\"@context\":\"https:\/\/schema.org\",\"@graph\":[{\"@type\":\"WebPage\",\"@id\":\"https:\/\/digilago.es\/aura\/producto\/vestido-star\/\",\"url\":\"https:\/\/digilago.es\/aura\/producto\/vestido-star\/\",\"name\":\"Vestido Star -\",\"isPartOf\":{\"@id\":\"https:\/\/digilago.es\/aura\/#website\"},\"primaryImageOfPage\":{\"@id\":\"https:\/\/digilago.es\/aura\/producto\/vestido-star\/#primaryimage\"},\"image\":{\"@id\":\"https:\/\/digilago.es\/aura\/producto\/vestido-star\/#primaryimage\"},\"thumbnailUrl\":\"https:\/\/digilago.es\/aura\/wp-content\/uploads\/sites\/52\/2026\/04\/Captura-de-pantalla-2026-04-07-a-las-11.01.39.png\",\"datePublished\":\"2026-04-07T10:04:02+00:00\",\"dateModified\":\"2026-04-07T10:08:08+00:00\",\"breadcrumb\":{\"@id\":\"https:\/\/digilago.es\/aura\/producto\/vestido-star\/#breadcrumb\"},\"inLanguage\":\"es\",\"potentialAction\":[{\"@type\":\"ReadAction\",\"target\":[\"https:\/\/digilago.es\/aura\/producto\/vestido-star\/\"]}]},{\"@type\":\"ImageObject\",\"inLanguage\":\"es\",\"@id\":\"https:\/\/digilago.es\/aura\/producto\/vestido-star\/#primaryimage\",\"url\":\"https:\/\/digilago.es\/aura\/wp-content\/uploads\/sites\/52\/2026\/04\/Captura-de-pantalla-2026-04-07-a-las-11.01.39.png\",\"contentUrl\":\"https:\/\/digilago.es\/aura\/wp-content\/uploads\/sites\/52\/2026\/04\/Captura-de-pantalla-2026-04-07-a-las-11.01.39.png\",\"width\":802,\"height\":1258},{\"@type\":\"BreadcrumbList\",\"@id\":\"https:\/\/digilago.es\/aura\/producto\/vestido-star\/#breadcrumb\",\"itemListElement\":[{\"@type\":\"ListItem\",\"position\":1,\"name\":\"Portada\",\"item\":\"https:\/\/digilago.es\/aura\/\"},{\"@type\":\"ListItem\",\"position\":2,\"name\":\"Tienda\",\"item\":\"https:\/\/digilago.es\/aura\/tienda\/\"},{\"@type\":\"ListItem\",\"position\":3,\"name\":\"Vestido Star\"}]},{\"@type\":\"WebSite\",\"@id\":\"https:\/\/digilago.es\/aura\/#website\",\"url\":\"https:\/\/digilago.es\/aura\/\",\"name\":\"\",\"description\":\"\",\"potentialAction\":[{\"@type\":\"SearchAction\",\"target\":{\"@type\":\"EntryPoint\",\"urlTemplate\":\"https:\/\/digilago.es\/aura\/?s={search_term_string}\"},\"query-input\":{\"@type\":\"PropertyValueSpecification\",\"valueRequired\":true,\"valueName\":\"search_term_string\"}}],\"inLanguage\":\"es\"}]}<\/script>\n<!-- \/ Yoast SEO plugin. -->","yoast_head_json":{"title":"Vestido Star -","robots":{"index":"index","follow":"follow","max-snippet":"max-snippet:-1","max-image-preview":"max-image-preview:large","max-video-preview":"max-video-preview:-1"},"canonical":"https:\/\/digilago.es\/aura\/producto\/vestido-star\/","og_locale":"es_ES","og_type":"article","og_title":"Vestido Star -","og_description":"Vestido Star corto de dise\u00f1o h\u00edbrido de silueta entallada confeccionado en tres paneles. El modelo combina una base de tejido [&hellip;]","og_url":"https:\/\/digilago.es\/aura\/producto\/vestido-star\/","article_modified_time":"2026-04-07T10:08:08+00:00","og_image":[{"width":802,"height":1258,"url":"https:\/\/digilago.es\/aura\/wp-content\/uploads\/sites\/52\/2026\/04\/Captura-de-pantalla-2026-04-07-a-las-11.01.39.png","type":"image\/png"}],"twitter_card":"summary_large_image","twitter_misc":{"Tiempo de lectura":"1 minuto"},"schema":{"@context":"https:\/\/schema.org","@graph":[{"@type":"WebPage","@id":"https:\/\/digilago.es\/aura\/producto\/vestido-star\/","url":"https:\/\/digilago.es\/aura\/producto\/vestido-star\/","name":"Vestido Star -","isPartOf":{"@id":"https:\/\/digilago.es\/aura\/#website"},"primaryImageOfPage":{"@id":"https:\/\/digilago.es\/aura\/producto\/vestido-star\/#primaryimage"},"image":{"@id":"https:\/\/digilago.es\/aura\/producto\/vestido-star\/#primaryimage"},"thumbnailUrl":"https:\/\/digilago.es\/aura\/wp-content\/uploads\/sites\/52\/2026\/04\/Captura-de-pantalla-2026-04-07-a-las-11.01.39.png","datePublished":"2026-04-07T10:04:02+00:00","dateModified":"2026-04-07T10:08:08+00:00","breadcrumb":{"@id":"https:\/\/digilago.es\/aura\/producto\/vestido-star\/#breadcrumb"},"inLanguage":"es","potentialAction":[{"@type":"ReadAction","target":["https:\/\/digilago.es\/aura\/producto\/vestido-star\/"]}]},{"@type":"ImageObject","inLanguage":"es","@id":"https:\/\/digilago.es\/aura\/producto\/vestido-star\/#primaryimage","url":"https:\/\/digilago.es\/aura\/wp-content\/uploads\/sites\/52\/2026\/04\/Captura-de-pantalla-2026-04-07-a-las-11.01.39.png","contentUrl":"https:\/\/digilago.es\/aura\/wp-content\/uploads\/sites\/52\/2026\/04\/Captura-de-pantalla-2026-04-07-a-las-11.01.39.png","width":802,"height":1258},{"@type":"BreadcrumbList","@id":"https:\/\/digilago.es\/aura\/producto\/vestido-star\/#breadcrumb","itemListElement":[{"@type":"ListItem","position":1,"name":"Portada","item":"https:\/\/digilago.es\/aura\/"},{"@type":"ListItem","position":2,"name":"Tienda","item":"https:\/\/digilago.es\/aura\/tienda\/"},{"@type":"ListItem","position":3,"name":"Vestido Star"}]},{"@type":"WebSite","@id":"https:\/\/digilago.es\/aura\/#website","url":"https:\/\/digilago.es\/aura\/","name":"","description":"","potentialAction":[{"@type":"SearchAction","target":{"@type":"EntryPoint","urlTemplate":"https:\/\/digilago.es\/aura\/?s={search_term_string}"},"query-input":{"@type":"PropertyValueSpecification","valueRequired":true,"valueName":"search_term_string"}}],"inLanguage":"es"}]}},"_links":{"self":[{"href":"https:\/\/digilago.es\/aura\/wp-json\/wp\/v2\/product\/165","targetHints":{"allow":["GET"]}}],"collection":[{"href":"https:\/\/digilago.es\/aura\/wp-json\/wp\/v2\/product"}],"about":[{"href":"https:\/\/digilago.es\/aura\/wp-json\/wp\/v2\/types\/product"}],"replies":[{"embeddable":true,"href":"https:\/\/digilago.es\/aura\/wp-json\/wp\/v2\/comments?post=165"}],"wp:featuredmedia":[{"embeddable":true,"href":"https:\/\/digilago.es\/aura\/wp-json\/wp\/v2\/media\/166"}],"wp:attachment":[{"href":"https:\/\/digilago.es\/aura\/wp-json\/wp\/v2\/media?parent=165"}],"wp:term":[{"taxonomy":"product_brand","embeddable":true,"href":"https:\/\/digilago.es\/aura\/wp-json\/wp\/v2\/product_brand?post=165"},{"taxonomy":"product_cat","embeddable":true,"href":"https:\/\/digilago.es\/aura\/wp-json\/wp\/v2\/product_cat?post=165"},{"taxonomy":"product_tag","embeddable":true,"href":"https:\/\/digilago.es\/aura\/wp-json\/wp\/v2\/product_tag?post=165"}],"curies":[{"name":"wp","href":"https:\/\/api.w.org\/{rel}","templated":true}]}}